{"id":16749,"date":"2024-06-11T11:22:01","date_gmt":"2024-06-11T09:22:01","guid":{"rendered":"https:\/\/www.veinat.com\/?page_id=16749"},"modified":"2024-07-11T19:01:14","modified_gmt":"2024-07-11T17:01:14","slug":"politica-de-cookies","status":"publish","type":"page","link":"https:\/\/www.veinat.com\/es\/inicio\/politica-de-cookies\/","title":{"rendered":"POL\u00cdTICA DE COOKIES"},"content":{"rendered":"<div class=\"wpb-content-wrapper\"><p>[vc_row css_animation=\u00bb\u00bb row_type=\u00bbrow\u00bb use_row_as_full_screen_section=\u00bbno\u00bb type=\u00bbgrid\u00bb angled_section=\u00bbno\u00bb text_align=\u00bbleft\u00bb background_image_as_pattern=\u00bbwithout_pattern\u00bb z_index=\u00bb\u00bb padding_top=\u00bb30&#8243;][vc_column][vc_column_text css=\u00bb\u00bb]<\/p>\n<p style=\"text-align: right;\"><a href=\"\/es\/\">Inicio<\/a>\u00a0 \/ Pol\u00edtica de Cookies<\/p>\n<p>[\/vc_column_text][\/vc_column][\/vc_row][vc_row css_animation=\u00bb\u00bb row_type=\u00bbrow\u00bb use_row_as_full_screen_section=\u00bbno\u00bb type=\u00bbgrid\u00bb angled_section=\u00bbno\u00bb text_align=\u00bbleft\u00bb background_image_as_pattern=\u00bbwithout_pattern\u00bb z_index=\u00bb\u00bb padding_top=\u00bb75&#8243; padding_bottom=\u00bb75&#8243; anchor=\u00bbinici\u00bb][vc_column][vc_column_text css=\u00bb\u00bb]<\/p>\n<h1>Pol\u00edtica de Cookies<\/h1>\n<p>[\/vc_column_text][\/vc_column][\/vc_row][vc_row css_animation=\u00bb\u00bb row_type=\u00bbrow\u00bb use_row_as_full_screen_section=\u00bbno\u00bb type=\u00bbgrid\u00bb angled_section=\u00bbno\u00bb text_align=\u00bbleft\u00bb background_image_as_pattern=\u00bbwithout_pattern\u00bb z_index=\u00bb\u00bb padding_bottom=\u00bb75&#8243;][vc_column][vc_column_text css=\u00bb\u00bb]Una Cookie es un archivo que se descarga en su ordenador al acceder a determinadas p\u00e1ginas web. Las cookies permiten a una p\u00e1gina web, entre otras cosas, almacenar y recuperar informaci\u00f3n sobre los h\u00e1bitos de navegaci\u00f3n de un usuario o de su equipo y, dependiendo de la informaci\u00f3n que contenga y de la forma en que utilice su equipo, se pueden utilizar para reconocer al usuario.<\/p>\n<p>&nbsp;<\/p>\n<p>Las cookies son esenciales para el funcionamiento de internet, aportando innumerables ventajas en la prestaci\u00f3n de servicios interactivos, facilitando la navegaci\u00f3n y usabilidad de nuestra web.<\/p>\n<p>&nbsp;<\/p>\n<p>La informaci\u00f3n que le proporcionamos a continuaci\u00f3n, le ayudar\u00e1 a comprender los diferentes tipos de cookies:<\/p>\n<p>&nbsp;<\/p>\n<p>[vc_empty_space height=\u00bb75px\u00bb]<\/p>\n<h2>Tipo de cookies<\/h2>\n<p>[vc_separator type=\u00bbsmall\u00bb position=\u00bbleft\u00bb up=\u00bb15&#8243; down=\u00bb40&#8243; color=\u00bb#000000&#8243; transparency=\u00bb1&#8243; thickness=\u00bb1&#8243; width=\u00bb100&#8243;]<\/p>\n<ul>\n<li style=\"list-style-type: none;\">\n<ul>\n<li style=\"list-style-type: none;\">\n<ul>\n<li><strong>SEG\u00daN LA ENTIDAD QUE LAS GESTIONE:<\/strong>\n<ul>\n<li style=\"list-style-type: none;\">\n<ul>\n<li>Cookies propias: son aquellas que se recaudan por el propio editor para prestar el servicio solicitado por el usuario.<\/li>\n<li>Cookies de tercero: son aquellas que son recogidas y gestionadas por un tercero, \u00e9stas no se pueden considerar propias.<\/li>\n<\/ul>\n<\/li>\n<\/ul>\n<\/li>\n<\/ul>\n<\/li>\n<\/ul>\n<\/li>\n<\/ul>\n<p>[vc_empty_space height=\u00bb75px\u00bb]<\/p>\n<ul>\n<li style=\"list-style-type: none;\">\n<ul>\n<li style=\"list-style-type: none;\">\n<ul>\n<li><strong>SEG\u00daN EL PLAZO DE TIEMPO QUE ROMANDAN ACTIVADAS:<\/strong>\n<ul>\n<li style=\"list-style-type: none;\">\n<ul>\n<li>Cookies de sesi\u00f3n: recogen datos mientras el usuario navega por la red con el fin de prestar el servicio solicitado.<\/li>\n<li>Cookies persistentes: se almacenan en el terminal y la informaci\u00f3n obtenida, ser\u00e1 utilizada por el responsable de la cookie con el fin de prestar el servicio solicitado.<\/li>\n<\/ul>\n<\/li>\n<\/ul>\n<\/li>\n<\/ul>\n<\/li>\n<\/ul>\n<\/li>\n<\/ul>\n<p>[vc_empty_space height=\u00bb75px\u00bb]<\/p>\n<ul>\n<li style=\"list-style-type: none;\">\n<ul>\n<li style=\"list-style-type: none;\">\n<ul>\n<li><strong>SEG\u00daN LA FINALIDAD:<\/strong>\n<ul>\n<li style=\"list-style-type: none;\">\n<ul>\n<li>Cookies t\u00e9cnicas: son las necesarias para la correcta navegaci\u00f3n por la web.<\/li>\n<li>Cookies de personalizaci\u00f3n: permiten al usuario las caracter\u00edsticas (idioma) para la navegaci\u00f3n por la web.<\/li>\n<li>Cookies de an\u00e1lisis: permiten al prestamista el an\u00e1lisis vinculado a la navegaci\u00f3n realizada por el usuario, con el fin de llevar un seguimiento de uso de la p\u00e1gina web, as\u00ed como realizar estad\u00edsticas de los contenidos m\u00e1s visitados, n\u00famero de visitantes, etc .<\/li>\n<li>Cookies publicitarias: permiten al editor incluir en la web, espacios publicitarios, seg\u00fan el contenido de la misma web.<\/li>\n<li>Cookies de publicidad comportamental: permiten al editor incluir en la p\u00e1gina web espacios publicitarios seg\u00fan la informaci\u00f3n obtenida a trav\u00e9s de los h\u00e1bitos de navegaci\u00f3n del usuario.<\/li>\n<\/ul>\n<\/li>\n<\/ul>\n<\/li>\n<\/ul>\n<\/li>\n<\/ul>\n<\/li>\n<\/ul>\n<p>[vc_empty_space height=\u00bb75px\u00bb]<\/p>\n<p>Seg\u00fan lo dispuesto en el art\u00edculo 22.2 de la Ley 34\/2002, de 11 de julio, de Servicios de la Sociedad de la Informaci\u00f3n y de Comercio Electr\u00f3nico (LSSI-CE), VE\u00cfNAT \u2013 ALBERT TARTER BRAVO informa de las galletas utilizadas en nuestra web (cookies propias y de terceros) con las finalidades descritas a continuaci\u00f3n:<\/p>\n<p>&nbsp;<\/p>\n\n<table id=\"tablepress-1\" class=\"tablepress tablepress-id-1\">\n<thead>\n<tr class=\"row-1\">\n\t<th class=\"column-1\">NOM<\/th><th class=\"column-2\">TIPUS<\/th><th class=\"column-3\">ORIGEN<\/th><th class=\"column-4\">DURACI\u00d3<\/th><th class=\"column-5\">FUNCI\u00d3<\/th>\n<\/tr>\n<\/thead>\n<tbody class=\"row-striping row-hover\">\n<tr class=\"row-2\">\n\t<td class=\"column-1\">wpEmojiSettingsSupports<\/td><td class=\"column-2\">Funcional<\/td><td class=\"column-3\">WordPress<\/td><td class=\"column-4\">Sessi\u00f3<\/td><td class=\"column-5\">Emmagatzema els detalls del navegador<\/td>\n<\/tr>\n<tr class=\"row-3\">\n\t<td class=\"column-1\">wp-settings-time-1<\/td><td class=\"column-2\">Funcional<\/td><td class=\"column-3\">WordPress<\/td><td class=\"column-4\">1 any<\/td><td class=\"column-5\">Emmagatzema les prefer\u00e8ncies de l'usuari<\/td>\n<\/tr>\n<tr class=\"row-4\">\n\t<td class=\"column-1\">wordpress_logged_in_*<\/td><td class=\"column-2\">Funcional<\/td><td class=\"column-3\">WordPress<\/td><td class=\"column-4\">Persistent<\/td><td class=\"column-5\">Mantenir els usuaris connectats<\/td>\n<\/tr>\n<tr class=\"row-5\">\n\t<td class=\"column-1\">wp-wpml_current_language<\/td><td class=\"column-2\">Funcional<\/td><td class=\"column-3\">WPML<\/td><td class=\"column-4\">1 dia<\/td><td class=\"column-5\">Emmagatzema la configuraci\u00f3 de l'idiomes<\/td>\n<\/tr>\n<tr class=\"row-6\">\n\t<td class=\"column-1\">rc::c<\/td><td class=\"column-2\">M\u00e0rqueting<\/td><td class=\"column-3\">Google reCAPTCHA<\/td><td class=\"column-4\">Sessi\u00f3<\/td><td class=\"column-5\">Filtrar sol\u00b7licituds de bots<\/td>\n<\/tr>\n<tr class=\"row-7\">\n\t<td class=\"column-1\">rc::b<\/td><td class=\"column-2\">M\u00e0rqueting<\/td><td class=\"column-3\">Google reCAPTCHA<\/td><td class=\"column-4\">Sessi\u00f3<\/td><td class=\"column-5\">Filtrar sol\u00b7licituds de bots<\/td>\n<\/tr>\n<tr class=\"row-8\">\n\t<td class=\"column-1\">rc::a<\/td><td class=\"column-2\">M\u00e0rqueting<\/td><td class=\"column-3\">Google reCAPTCHA<\/td><td class=\"column-4\">Persistent<\/td><td class=\"column-5\">Filtrar sol\u00b7licituds de bots<\/td>\n<\/tr>\n<tr class=\"row-9\">\n\t<td class=\"column-1\">Google Fonts API<\/td><td class=\"column-2\">M\u00e0rqueting<\/td><td class=\"column-3\">Google Fonts<\/td><td class=\"column-4\">No<\/td><td class=\"column-5\">Sol\u00b7licitar l'adre\u00e7a IP de l'usuari<\/td>\n<\/tr>\n<tr class=\"row-10\">\n\t<td class=\"column-1\">Google Maps API<\/td><td class=\"column-2\">M\u00e0rqueting<\/td><td class=\"column-3\">Google Maps<\/td><td class=\"column-4\">No<\/td><td class=\"column-5\">Sol\u00b7licitar l'adre\u00e7a IP de l'usuari<\/td>\n<\/tr>\n<\/tbody>\n<\/table>\n<!-- #tablepress-1 from cache -->\n<p>&nbsp;<\/p>\n<p>VE\u00cfNAT\u2013 ALBERT TARTER BRAVO informa que esta web utiliza Google Analytics: almacena cookies para poder elaborar estad\u00edsticas sobre el tr\u00e1fico y volumen de visitas de esta web. Al utilizar este sitio web est\u00e1 consintiendo el tratamiento de informaci\u00f3n sobre usted por Google. Por tanto, el ejercicio de cualquier derecho en este sentido deber\u00e1 hacerlo comunicando directamente con Google.<\/p>\n<p>&nbsp;<\/p>\n<p>Las cookies de Google Analytics, se almacenan en los servidores en Estados Unidos y se compromete a no compartirla con terceros, salvo en los casos en que sea necesario para el funcionamiento del sistema o cuando la ley obligue a tal efecto. Seg\u00fan Google no guarda su direcci\u00f3n IP.<\/p>\n<p>&nbsp;<\/p>\n<p>Google Inc es una compa\u00f1\u00eda adherida a Privacy Shiels (escudo de privacidad) que garantiza que todos los datos transferidos ser\u00e1n tratados con un nivel de protecci\u00f3n acorde con la normativa europea. Puede consultar informaci\u00f3n detallada al respecto a trav\u00e9s del siguiente enlace: <a href=\"https:\/\/support.google.com\/analytics\/answer\/6004245\" target=\"_blank\" rel=\"noopener\">https:\/\/support.google.com\/analytics\/answer\/6004245<\/a>.<\/p>\n<p>&nbsp;<\/p>\n<p>Si lo desea puede utilizar el Complemento de inhabilitaci\u00f3n para navegadores de Google Analytics a trav\u00e9s de las instrucciones pueden rechazarse las cookies anal\u00edticas de dicho servicio en todos los navegadores. Puede consultar m\u00e1s informaci\u00f3n al respecto en el siguiente enlace: <a href=\"https:\/\/tools.google.com\/dlpage\/gaoptout\" target=\"_blank\" rel=\"noopener\">https:\/\/tools.google.com\/dlpage\/gaoptout<\/a><\/p>\n<p>&nbsp;<\/p>\n<p>[vc_empty_space height=\u00bb75px\u00bb]<\/p>\n<h2>Consentimiento<\/h2>\n<p>[vc_separator type=\u00bbsmall\u00bb position=\u00bbleft\u00bb up=\u00bb15&#8243; down=\u00bb40&#8243; color=\u00bb#000000&#8243; transparency=\u00bb1&#8243; thickness=\u00bb1&#8243; width=\u00bb100&#8243;]<\/p>\n<p>Cuando visite nuestro sitio web por primera vez, le mostraremos un mensaje emergente con una explicaci\u00f3n sobre las cookies. En cuanto haga clic en \u201cGuardar preferencias\u201d, nos consiente en utilizar las categor\u00edas de cookies y extensiones que ha seleccionado en el mensaje emergente, tal y como se describe en esta Pol\u00edtica de cookies. Puede desactivar el uso de cookies a trav\u00e9s de su navegador, pero tenga en cuenta que puede que nuestro sitio web ya no funcione correctamente.<\/p>\n<p>&nbsp;<\/p>\n<p>Asimismo, VE\u00cfNAT\u2013 ALBERT TARTER BRAVO informa al usuario que tiene la posibilidad de configurar su navegador de forma que se le informe de la recepci\u00f3n de cookies, pudiendo, si as\u00ed lo desea, impedir que sean instaladas en su disco duro.<\/p>\n<p>&nbsp;<\/p>\n<p>A continuaci\u00f3n le proporcionamos los enlaces de varios navegadores, a trav\u00e9s de los cuales podr\u00e1 realizar esta configuraci\u00f3n:<\/p>\n<p>&nbsp;<\/p>\n<ul>\n<li style=\"list-style-type: none;\">\n<ul>\n<li style=\"list-style-type: none;\">\n<ul>\n<li><a href=\"http:\/\/support.mozilla.org\/es\/kb\/habilitar-y-deshabilitar-cookies-que-los-sitios-we\" target=\"_blank\" rel=\"noopener\">Firefox<\/a><\/li>\n<li><a href=\"http:\/\/support.google.com\/chrome\/bin\/answer.py?hl=es&amp;answer=95647\" target=\"_blank\" rel=\"noopener\">Chrome<\/a><\/li>\n<li><a href=\"http:\/\/windows.microsoft.com\/es-es\/internet-explorer\/delete-manage-cookies#ie=ie-10\" target=\"_blank\" rel=\"noopener\">Explorer<\/a><\/li>\n<li><a href=\"https:\/\/support.apple.com\/kb\/ph17191?locale=es_ES\" target=\"_blank\" rel=\"noopener\">Safari<\/a><\/li>\n<li><a href=\"http:\/\/help.opera.com\/Windows\/11.50\/es-ES\/cookies.html\" target=\"_blank\" rel=\"noopener\">Opera<\/a><\/li>\n<\/ul>\n<\/li>\n<\/ul>\n<\/li>\n<\/ul>\n<p>[\/vc_column_text][\/vc_column][\/vc_row]<\/p>\n<\/div>","protected":false},"excerpt":{"rendered":"<p>[vc_row css_animation=\u00bb\u00bb row_type=\u00bbrow\u00bb use_row_as_full_screen_section=\u00bbno\u00bb type=\u00bbgrid\u00bb angled_section=\u00bbno\u00bb text_align=\u00bbleft\u00bb background_image_as_pattern=\u00bbwithout_pattern\u00bb z_index=\u00bb\u00bb padding_top=\u00bb30&#8243;][vc_column][vc_column_text css=\u00bb\u00bb] Inicio\u00a0 \/ Pol\u00edtica de Cookies [\/vc_column_text][\/vc_column][\/vc_row][vc_row css_animation=\u00bb\u00bb row_type=\u00bbrow\u00bb use_row_as_full_screen_section=\u00bbno\u00bb type=\u00bbgrid\u00bb angled_section=\u00bbno\u00bb text_align=\u00bbleft\u00bb background_image_as_pattern=\u00bbwithout_pattern\u00bb z_index=\u00bb\u00bb padding_top=\u00bb75&#8243; padding_bottom=\u00bb75&#8243; anchor=\u00bbinici\u00bb][vc_column][vc_column_text css=\u00bb\u00bb] Pol\u00edtica de Cookies [\/vc_column_text][\/vc_column][\/vc_row][vc_row css_animation=\u00bb\u00bb row_type=\u00bbrow\u00bb use_row_as_full_screen_section=\u00bbno\u00bb type=\u00bbgrid\u00bb angled_section=\u00bbno\u00bb text_align=\u00bbleft\u00bb background_image_as_pattern=\u00bbwithout_pattern\u00bb z_index=\u00bb\u00bb padding_bottom=\u00bb75&#8243;][vc_column][vc_column_text css=\u00bb\u00bb]Una Cookie es&hellip; <a class=\"continue\" href=\"https:\/\/www.veinat.com\/es\/inicio\/politica-de-cookies\/\">CONTINUAR >><span> POL\u00cdTICA DE COOKIES<\/span><\/a><\/p>\n","protected":false},"author":1,"featured_media":0,"parent":16688,"menu_order":0,"comment_status":"open","ping_status":"open","template":"full_width.php","meta":{"footnotes":""},"class_list":["post-16749","page","type-page","status-publish","hentry"],"_links":{"self":[{"href":"https:\/\/www.veinat.com\/es\/wp-json\/wp\/v2\/pages\/16749","targetHints":{"allow":["GET"]}}],"collection":[{"href":"https:\/\/www.veinat.com\/es\/wp-json\/wp\/v2\/pages"}],"about":[{"href":"https:\/\/www.veinat.com\/es\/wp-json\/wp\/v2\/types\/page"}],"author":[{"embeddable":true,"href":"https:\/\/www.veinat.com\/es\/wp-json\/wp\/v2\/users\/1"}],"replies":[{"embeddable":true,"href":"https:\/\/www.veinat.com\/es\/wp-json\/wp\/v2\/comments?post=16749"}],"version-history":[{"count":1,"href":"https:\/\/www.veinat.com\/es\/wp-json\/wp\/v2\/pages\/16749\/revisions"}],"predecessor-version":[{"id":16750,"href":"https:\/\/www.veinat.com\/es\/wp-json\/wp\/v2\/pages\/16749\/revisions\/16750"}],"up":[{"embeddable":true,"href":"https:\/\/www.veinat.com\/es\/wp-json\/wp\/v2\/pages\/16688"}],"wp:attachment":[{"href":"https:\/\/www.veinat.com\/es\/wp-json\/wp\/v2\/media?parent=16749"}],"curies":[{"name":"wp","href":"https:\/\/api.w.org\/{rel}","templated":true}]}}