{"id":16713,"date":"2024-06-11T12:18:12","date_gmt":"2024-06-11T10:18:12","guid":{"rendered":"https:\/\/www.veinat.com\/?page_id=16713"},"modified":"2024-07-11T19:06:42","modified_gmt":"2024-07-11T17:06:42","slug":"recetas","status":"publish","type":"page","link":"https:\/\/www.veinat.com\/es\/recetas\/","title":{"rendered":"RECETAS"},"content":{"rendered":"<div class=\"wpb-content-wrapper\"><p>[vc_row css_animation=\u00bb\u00bb row_type=\u00bbrow\u00bb use_row_as_full_screen_section=\u00bbno\u00bb type=\u00bbgrid\u00bb angled_section=\u00bbno\u00bb text_align=\u00bbleft\u00bb background_image_as_pattern=\u00bbwithout_pattern\u00bb z_index=\u00bb\u00bb padding_top=\u00bb30&#8243;][vc_column][vc_column_text css=\u00bb\u00bb]<\/p>\n<p style=\"text-align: right;\"><a href=\"\/es\/\">Inicio<\/a> \/ Recetas<\/p>\n<p>[\/vc_column_text][\/vc_column][\/vc_row][vc_row css_animation=\u00bb\u00bb row_type=\u00bbrow\u00bb use_row_as_full_screen_section=\u00bbno\u00bb type=\u00bbgrid\u00bb angled_section=\u00bbno\u00bb text_align=\u00bbleft\u00bb background_image_as_pattern=\u00bbwithout_pattern\u00bb z_index=\u00bb\u00bb padding_top=\u00bb50&#8243; padding_bottom=\u00bb75&#8243; anchor=\u00bbinici\u00bb][vc_column][vc_column_text css=\u00bb\u00bb]<\/p>\n<h1 style=\"text-align: center;\">recetas<\/h1>\n<p>[\/vc_column_text][vc_empty_space height=\u00bb15&#8243;][vc_column_text css=\u00bb\u00bb]<\/p>\n<h2 style=\"text-align: center;\">\u00a1que te har\u00e1n disfrutar como nunca!<\/h2>\n<p>[\/vc_column_text][vc_empty_space height=\u00bb15&#8243;]<div class=\"custom_font_holder \" style=\" font-style: normal; font-weight: 300; color: #756e65; text-decoration: none; text-align: center; --qode-cf-font-size: 18px; --qode-cf-line-height: 24px; --qode-cf-font-size-1440: 18px; --qode-cf-line-height-1440: 24px; --qode-cf-font-size-1366: 18px; --qode-cf-line-height-1366: 24px; --qode-cf-font-size-1280: 18px; --qode-cf-line-height-1280: 24px; --qode-cf-font-size-1024: 18px; --qode-cf-line-height-1024: 24px; --qode-cf-font-size-768: 18px; --qode-cf-line-height-768: 24px; --qode-cf-font-size-680: 18px; --qode-cf-line-height-680: 24px; --qode-cf-font-size-480: 18px; --qode-cf-line-height-480: 24px;\">\u00a1Bienvenidos a nuestra secci\u00f3n de recetas! Aqu\u00ed encontrar\u00e1 ideas deliciosas para preparar platos extraordinarios con nuestros yogures, con el reques\u00f3n o el queso fresco de vaca y muchos otros productos l\u00e1cteos. Transforme sus comidas en experiencias \u00fanicas con nuestros productos de calidad. Disfrute de recetas fant\u00e1sticas que sorprender\u00e1n a familia y amigos. \u00a1Buen provecho!<\/div>[vc_empty_space height=\u00bb75&#8243;]<div class='q_masonry_blog'><div class=\"q_masonry_blog_grid_sizer\"><\/div><div class=\"q_masonry_blog_grid_gutter\"><\/div><article  class='post-16716 post type-post status-publish format-standard has-post-thumbnail hentry category-sin-categorizar '><div class=\"q_masonry_blog_post_image\"><a itemprop=\"url\" href=\"https:\/\/www.veinat.com\/es\/ensalada-con-salsa-de-menta-y-queso-fresco-o-maton\/\" target=\"_self\"><img decoding=\"async\" itemprop=\"image\" src=\"https:\/\/www.veinat.com\/wp-content\/uploads\/2024\/05\/veinat-receptes-amanida-amb-sals-de-menta-i-formatge-fresc-o-mato.jpg\" alt=\"Amanida amb salsa de menta i formatge fresc\" \/><\/a><\/div><div class=\"q_masonry_blog_post_text\"><h3 itemprop=\"name\" class=\"q_masonry_blog_title entry_title\"><a itemprop=\"url\" href=\"https:\/\/www.veinat.com\/es\/ensalada-con-salsa-de-menta-y-queso-fresco-o-maton\/\">ENSALADA CON SALSA DE MENTA Y QUESO FRESCO O MAT\u00d3N<\/a><\/h3><p itemprop=\"description\" class=\"q_masonry_blog_excerpt\"><br \/>\u00a1Disfruta de este delicioso pastel de ara\u00f1ones con el toque especial del az\u00facar de ca\u00f1a! <a class=\"continue\" href=\"https:\/\/www.veinat.com\/es\/ensalada-con-salsa-de-menta-y-queso-fresco-o-maton\/\">CONTINUAR >><span> ENSALADA CON SALSA DE MENTA Y QUESO FRESCO O MAT\u00d3N<\/span><\/a>...<\/p><div class=\"q_masonry_blog_post_info\"><span itemprop=\"dateCreated\" class=\"time entry_date updated\">12 junio, 2024<meta itemprop=\"interactionCount\" content=\"UserComments: <?php echo get_comments_number(qode_get_page_id()); ?>\"\/><\/span><\/div><\/div><\/article><article  class='post-16719 post type-post status-publish format-standard has-post-thumbnail hentry category-sin-categorizar '><div class=\"q_masonry_blog_post_image\"><a itemprop=\"url\" href=\"https:\/\/www.veinat.com\/es\/cuenco-de-yogur-con-xia-y-fruta-fresca\/\" target=\"_self\"><img decoding=\"async\" itemprop=\"image\" src=\"https:\/\/www.veinat.com\/wp-content\/uploads\/2024\/05\/veinat-receptes-bol-de-iogurt-amb-xia-i-fruita-fresca.jpg\" alt=\"Bol de iogurt amb xia i fruita fresca\" \/><\/a><\/div><div class=\"q_masonry_blog_post_text\"><h3 itemprop=\"name\" class=\"q_masonry_blog_title entry_title\"><a itemprop=\"url\" href=\"https:\/\/www.veinat.com\/es\/cuenco-de-yogur-con-xia-y-fruta-fresca\/\">CUENCO DE YOGUR CON XIA Y FRUTA FRESCA<\/a><\/h3><p itemprop=\"description\" class=\"q_masonry_blog_excerpt\"><br \/>\u00a1Disfruta de este delicioso pastel de ara\u00f1ones con el toque especial del az\u00facar de ca\u00f1a! <a class=\"continue\" href=\"https:\/\/www.veinat.com\/es\/cuenco-de-yogur-con-xia-y-fruta-fresca\/\">CONTINUAR >><span> CUENCO DE YOGUR CON XIA Y FRUTA FRESCA<\/span><\/a>...<\/p><div class=\"q_masonry_blog_post_info\"><span itemprop=\"dateCreated\" class=\"time entry_date updated\">12 junio, 2024<meta itemprop=\"interactionCount\" content=\"UserComments: <?php echo get_comments_number(qode_get_page_id()); ?>\"\/><\/span><\/div><\/div><\/article><article  class='post-16727 post type-post status-publish format-standard has-post-thumbnail hentry category-sin-categorizar '><div class=\"q_masonry_blog_post_image\"><a itemprop=\"url\" href=\"https:\/\/www.veinat.com\/es\/pastel-de-aranones-y-yogur\/\" target=\"_self\"><img decoding=\"async\" itemprop=\"image\" src=\"https:\/\/www.veinat.com\/wp-content\/uploads\/2024\/05\/veinat-receptes-pastis-aranyons-i-iogurt.jpg\" alt=\"Past\u00eds d'aranyons i iogurt\" \/><\/a><\/div><div class=\"q_masonry_blog_post_text\"><h3 itemprop=\"name\" class=\"q_masonry_blog_title entry_title\"><a itemprop=\"url\" href=\"https:\/\/www.veinat.com\/es\/pastel-de-aranones-y-yogur\/\">PASTEL DE ARA\u00d1ONES Y YOGUR<\/a><\/h3><p itemprop=\"description\" class=\"q_masonry_blog_excerpt\"><br \/>Disfruta de esta deliciosa tarta de ara\u00f1ones con el toque especial del az\u00facar de ca\u00f1a! <a class=\"continue\" href=\"https:\/\/www.veinat.com\/es\/pastel-de-aranones-y-yogur\/\">CONTINUAR >><span> PASTEL DE ARA\u00d1ONES Y YOGUR<\/span><\/a>...<\/p><div class=\"q_masonry_blog_post_info\"><span itemprop=\"dateCreated\" class=\"time entry_date updated\">22 mayo, 2024<meta itemprop=\"interactionCount\" content=\"UserComments: <?php echo get_comments_number(qode_get_page_id()); ?>\"\/><\/span><\/div><\/div><\/article><\/div>[\/vc_column][\/vc_row]<\/p>\n<\/div>","protected":false},"excerpt":{"rendered":"<p>[vc_row css_animation=\u00bb\u00bb row_type=\u00bbrow\u00bb use_row_as_full_screen_section=\u00bbno\u00bb type=\u00bbgrid\u00bb angled_section=\u00bbno\u00bb text_align=\u00bbleft\u00bb background_image_as_pattern=\u00bbwithout_pattern\u00bb z_index=\u00bb\u00bb padding_top=\u00bb30&#8243;][vc_column][vc_column_text css=\u00bb\u00bb] Inicio \/ Recetas [\/vc_column_text][\/vc_column][\/vc_row][vc_row css_animation=\u00bb\u00bb row_type=\u00bbrow\u00bb use_row_as_full_screen_section=\u00bbno\u00bb type=\u00bbgrid\u00bb angled_section=\u00bbno\u00bb text_align=\u00bbleft\u00bb background_image_as_pattern=\u00bbwithout_pattern\u00bb z_index=\u00bb\u00bb padding_top=\u00bb50&#8243; padding_bottom=\u00bb75&#8243; anchor=\u00bbinici\u00bb][vc_column][vc_column_text css=\u00bb\u00bb] recetas [\/vc_column_text][vc_empty_space height=\u00bb15&#8243;][vc_column_text css=\u00bb\u00bb] \u00a1que te har\u00e1n disfrutar como nunca! [\/vc_column_text][vc_empty_space height=\u00bb15&#8243;][vc_empty_space height=\u00bb75&#8243;][\/vc_column][\/vc_row] <a class=\"continue\" href=\"https:\/\/www.veinat.com\/es\/pastel-de-aranones-y-yogur\/\">CONTINUAR >><span> PASTEL DE ARA\u00d1ONES Y YOGUR<\/span><\/a><\/p>\n","protected":false},"author":1,"featured_media":0,"parent":0,"menu_order":0,"comment_status":"open","ping_status":"open","template":"full_width.php","meta":{"footnotes":""},"class_list":["post-16713","page","type-page","status-publish","hentry"],"_links":{"self":[{"href":"https:\/\/www.veinat.com\/es\/wp-json\/wp\/v2\/pages\/16713","targetHints":{"allow":["GET"]}}],"collection":[{"href":"https:\/\/www.veinat.com\/es\/wp-json\/wp\/v2\/pages"}],"about":[{"href":"https:\/\/www.veinat.com\/es\/wp-json\/wp\/v2\/types\/page"}],"author":[{"embeddable":true,"href":"https:\/\/www.veinat.com\/es\/wp-json\/wp\/v2\/users\/1"}],"replies":[{"embeddable":true,"href":"https:\/\/www.veinat.com\/es\/wp-json\/wp\/v2\/comments?post=16713"}],"version-history":[{"count":1,"href":"https:\/\/www.veinat.com\/es\/wp-json\/wp\/v2\/pages\/16713\/revisions"}],"predecessor-version":[{"id":16714,"href":"https:\/\/www.veinat.com\/es\/wp-json\/wp\/v2\/pages\/16713\/revisions\/16714"}],"wp:attachment":[{"href":"https:\/\/www.veinat.com\/es\/wp-json\/wp\/v2\/media?parent=16713"}],"curies":[{"name":"wp","href":"https:\/\/api.w.org\/{rel}","templated":true}]}}