{"id":16710,"date":"2024-06-04T18:50:08","date_gmt":"2024-06-04T16:50:08","guid":{"rendered":"https:\/\/www.veinat.com\/?page_id=16710"},"modified":"2024-10-08T15:32:40","modified_gmt":"2024-10-08T13:32:40","slug":"bebidas-lacteas","status":"publish","type":"page","link":"https:\/\/www.veinat.com\/es\/bebidas-lacteas\/","title":{"rendered":"BEBIDAS L\u00c1CTEAS"},"content":{"rendered":"<div class=\"wpb-content-wrapper\"><p>[vc_row css_animation=\u00bb\u00bb row_type=\u00bbrow\u00bb use_row_as_full_screen_section=\u00bbno\u00bb type=\u00bbgrid\u00bb angled_section=\u00bbno\u00bb text_align=\u00bbleft\u00bb background_image_as_pattern=\u00bbwithout_pattern\u00bb z_index=\u00bb\u00bb padding_top=\u00bb30&#8243;][vc_column][vc_column_text css=\u00bb\u00bb]<\/p>\n<p style=\"text-align: right;\"><a href=\"\/es\/\">Inicio<\/a> \/ Bebidas l\u00e1cteas<\/p>\n<p>[\/vc_column_text][\/vc_column][\/vc_row][vc_row css_animation=\u00bb\u00bb row_type=\u00bbrow\u00bb use_row_as_full_screen_section=\u00bbno\u00bb type=\u00bbgrid\u00bb angled_section=\u00bbno\u00bb text_align=\u00bbleft\u00bb background_image_as_pattern=\u00bbwithout_pattern\u00bb z_index=\u00bb\u00bb padding_top=\u00bb50&#8243; padding_bottom=\u00bb75&#8243; anchor=\u00bbinici\u00bb][vc_column][vc_column_text css=\u00bb\u00bb]<\/p>\n<h1 style=\"text-align: center;\">bebidas l\u00e1cteas<\/h1>\n<p>[\/vc_column_text][vc_empty_space height=\u00bb15&#8243;][vc_column_text css=\u00bb\u00bb]<\/p>\n<h2 style=\"text-align: center;\">la tradici\u00f3n y la diferencia<\/h2>\n<p>[\/vc_column_text][vc_empty_space height=\u00bb15&#8243;]<div class=\"custom_font_holder \" style=\" font-style: normal; font-weight: 300; color: #756e65; text-decoration: none; text-align: center; --qode-cf-font-size: 18px; --qode-cf-line-height: 24px; --qode-cf-font-size-1440: 18px; --qode-cf-line-height-1440: 24px; --qode-cf-font-size-1366: 18px; --qode-cf-line-height-1366: 24px; --qode-cf-font-size-1280: 18px; --qode-cf-line-height-1280: 24px; --qode-cf-font-size-1024: 18px; --qode-cf-line-height-1024: 24px; --qode-cf-font-size-768: 18px; --qode-cf-line-height-768: 24px; --qode-cf-font-size-680: 18px; --qode-cf-line-height-680: 24px; --qode-cf-font-size-480: 18px; --qode-cf-line-height-480: 24px;\">Descubre nuestras bebidas l\u00e1cteas, elaboradas con leche fresca de las vacas de pasto de Osona. Si buscas el aut\u00e9ntico sabor de siempre, nuestra leche es tu opci\u00f3n. Para quienes desean una experiencia diferente, tenemos el kefir.<\/div>[\/vc_column][\/vc_row][vc_row css_animation=\u00bb\u00bb row_type=\u00bbrow\u00bb use_row_as_full_screen_section=\u00bbno\u00bb type=\u00bbgrid\u00bb angled_section=\u00bbno\u00bb text_align=\u00bbleft\u00bb background_image_as_pattern=\u00bbwithout_pattern\u00bb z_index=\u00bb\u00bb padding_top=\u00bb50&#8243; css=\u00bb.vc_custom_1717425580863{background-color: #f7f7f7 !important;}\u00bb anchor=\u00bbnatural\u00bb][vc_column width=\u00bb1\/3&#8243;][vc_column_text css=\u00bb\u00bb]<\/p>\n<h3>LECHE DE VACA<br \/>\n<strong>ENTERA<\/strong><\/h3>\n<p>[\/vc_column_text][vc_empty_space height=\u00bb25&#8243;][\/vc_column][vc_column width=\u00bb1\/3&#8243;][vc_gallery type=\u00bbflexslider_slide\u00bb interval=\u00bb0&#8243; images=\u00bb16379,16381&#8243; img_size=\u00bbfull\u00bb onclick=\u00bb\u00bb css=\u00bb.vc_custom_1717520587644{margin-bottom: 0px !important;}\u00bb direction_nav=\u00bbyes\u00bb control_nav=\u00bbno\u00bb][\/vc_column][vc_column width=\u00bb1\/3&#8243;][vc_column_text css=\u00bb\u00bb]<em><strong>INGREDIENTES<\/strong><\/em>[\/vc_column_text][vc_separator type=\u00bbsmall\u00bb position=\u00bbleft\u00bb color=\u00bb#756e65&#8243; thickness=\u00bb1&#8243; width=\u00bb25&#8243; up=\u00bb5&#8243; down=\u00bb15&#8243;][vc_column_text css=\u00bb\u00bb]<strong>Leche<\/strong> entera de vaca[\/vc_column_text][vc_empty_space height=\u00bb35&#8243;][vc_row_inner row_type=\u00bbrow\u00bb type=\u00bbfull_width\u00bb text_align=\u00bbleft\u00bb css_animation=\u00bb\u00bb][vc_column_inner width=\u00bb1\/4&#8243; offset=\u00bbvc_col-xs-3&#8243;][vc_single_image image=\u00bb16634&#8243; img_size=\u00bbfull\u00bb alignment=\u00bbcenter\u00bb css=\u00bb\u00bb qode_css_animation=\u00bb\u00bb][\/vc_column_inner][vc_column_inner width=\u00bb1\/4&#8243; offset=\u00bbvc_col-xs-3&#8243;][vc_single_image image=\u00bb16134&#8243; img_size=\u00bbfull\u00bb alignment=\u00bbcenter\u00bb css=\u00bb\u00bb qode_css_animation=\u00bb\u00bb][\/vc_column_inner][vc_column_inner width=\u00bb1\/4&#8243; offset=\u00bbvc_col-xs-3&#8243;][vc_single_image image=\u00bb16132&#8243; img_size=\u00bbfull\u00bb alignment=\u00bbcenter\u00bb css=\u00bb\u00bb qode_css_animation=\u00bb\u00bb][\/vc_column_inner][vc_column_inner width=\u00bb1\/4&#8243; offset=\u00bbvc_col-xs-3&#8243;][\/vc_column_inner][\/vc_row_inner][vc_empty_space height=\u00bb50&#8243;][\/vc_column][\/vc_row][vc_row css_animation=\u00bb\u00bb row_type=\u00bbrow\u00bb use_row_as_full_screen_section=\u00bbno\u00bb type=\u00bbgrid\u00bb angled_section=\u00bbno\u00bb text_align=\u00bbleft\u00bb background_image_as_pattern=\u00bbwithout_pattern\u00bb z_index=\u00bb\u00bb padding_top=\u00bb75&#8243; padding_bottom=\u00bb0&#8243;][vc_column width=\u00bb1\/3&#8243;][vc_column_text css=\u00bb\u00bb]<\/p>\n<h3>LECHE DE VACA<br \/>\n<strong>SEMIDESNATADA<\/strong><\/h3>\n<p>[\/vc_column_text][vc_empty_space height=\u00bb25&#8243;][\/vc_column][vc_column width=\u00bb1\/3&#8243;][vc_gallery type=\u00bbflexslider_slide\u00bb interval=\u00bb0&#8243; images=\u00bb16386,16388&#8243; img_size=\u00bbfull\u00bb onclick=\u00bb\u00bb css=\u00bb.vc_custom_1717520673867{margin-bottom: 0px !important;}\u00bb direction_nav=\u00bbyes\u00bb control_nav=\u00bbno\u00bb][\/vc_column][vc_column width=\u00bb1\/3&#8243;][vc_column_text css=\u00bb\u00bb]<em><strong>INGREDIENTES<\/strong><\/em>[\/vc_column_text][vc_separator type=\u00bbsmall\u00bb position=\u00bbleft\u00bb color=\u00bb#756e65&#8243; thickness=\u00bb1&#8243; width=\u00bb25&#8243; up=\u00bb5&#8243; down=\u00bb15&#8243;][vc_column_text css=\u00bb\u00bb]<strong>Leche<\/strong> semidesnatada de vaca.[\/vc_column_text][vc_empty_space height=\u00bb35&#8243;][vc_row_inner row_type=\u00bbrow\u00bb type=\u00bbfull_width\u00bb text_align=\u00bbleft\u00bb css_animation=\u00bb\u00bb][vc_column_inner width=\u00bb1\/4&#8243; offset=\u00bbvc_col-xs-3&#8243;][vc_single_image image=\u00bb16634&#8243; img_size=\u00bbfull\u00bb alignment=\u00bbcenter\u00bb css=\u00bb\u00bb qode_css_animation=\u00bb\u00bb][\/vc_column_inner][vc_column_inner width=\u00bb1\/4&#8243; offset=\u00bbvc_col-xs-3&#8243;][vc_single_image image=\u00bb16134&#8243; img_size=\u00bbfull\u00bb alignment=\u00bbcenter\u00bb css=\u00bb\u00bb qode_css_animation=\u00bb\u00bb][\/vc_column_inner][vc_column_inner width=\u00bb1\/4&#8243; offset=\u00bbvc_col-xs-3&#8243;][vc_single_image image=\u00bb16132&#8243; img_size=\u00bbfull\u00bb alignment=\u00bbcenter\u00bb css=\u00bb\u00bb qode_css_animation=\u00bb\u00bb][\/vc_column_inner][vc_column_inner width=\u00bb1\/4&#8243; offset=\u00bbvc_col-xs-3&#8243;][\/vc_column_inner][\/vc_row_inner][vc_empty_space height=\u00bb50&#8243;][\/vc_column][\/vc_row][vc_row css_animation=\u00bb\u00bb row_type=\u00bbrow\u00bb use_row_as_full_screen_section=\u00bbno\u00bb type=\u00bbgrid\u00bb angled_section=\u00bbno\u00bb text_align=\u00bbleft\u00bb background_image_as_pattern=\u00bbwithout_pattern\u00bb z_index=\u00bb\u00bb padding_top=\u00bb50&#8243; css=\u00bb.vc_custom_1717425580863{background-color: #f7f7f7 !important;}\u00bb anchor=\u00bbnatural\u00bb][vc_column width=\u00bb1\/3&#8243;][vc_column_text css=\u00bb\u00bb]<\/p>\n<h3>QUEFIR<br \/>\n<strong>NATURAL<\/strong><\/h3>\n<p>[\/vc_column_text][vc_empty_space height=\u00bb25&#8243;][\/vc_column][vc_column width=\u00bb1\/3&#8243;][vc_gallery type=\u00bbflexslider_slide\u00bb interval=\u00bb0&#8243; images=\u00bb16790,16792&#8243; img_size=\u00bbfull\u00bb onclick=\u00bb\u00bb css=\u00bb.vc_custom_1728394048292{margin-bottom: 0px !important;}\u00bb direction_nav=\u00bbyes\u00bb control_nav=\u00bbno\u00bb][\/vc_column][vc_column width=\u00bb1\/3&#8243;][vc_column_text css=\u00bb\u00bb]<em><strong>INGREDIENTES<\/strong><\/em>[\/vc_column_text][vc_separator type=\u00bbsmall\u00bb position=\u00bbleft\u00bb color=\u00bb#756e65&#8243; thickness=\u00bb1&#8243; width=\u00bb25&#8243; up=\u00bb5&#8243; down=\u00bb15&#8243;][vc_column_text css=\u00bb\u00bb]<strong>Leche<\/strong> entera pasteurizada, fermentos l\u00e1cteos. Origen leche: Espa\u00f1a. Una vez abierto, consumir las primeras 72 horas.<br \/>\n<strong>Sacear antes de beber.<\/strong>[\/vc_column_text][vc_empty_space height=\u00bb35&#8243;][vc_row_inner row_type=\u00bbrow\u00bb type=\u00bbfull_width\u00bb text_align=\u00bbleft\u00bb css_animation=\u00bb\u00bb][vc_column_inner width=\u00bb1\/4&#8243; offset=\u00bbvc_col-xs-3&#8243;][vc_single_image image=\u00bb16634&#8243; img_size=\u00bbfull\u00bb alignment=\u00bbcenter\u00bb css=\u00bb\u00bb qode_css_animation=\u00bb\u00bb][\/vc_column_inner][vc_column_inner width=\u00bb1\/4&#8243; offset=\u00bbvc_col-xs-3&#8243;][vc_single_image image=\u00bb16134&#8243; img_size=\u00bbfull\u00bb alignment=\u00bbcenter\u00bb css=\u00bb\u00bb qode_css_animation=\u00bb\u00bb][\/vc_column_inner][vc_column_inner width=\u00bb1\/4&#8243; offset=\u00bbvc_col-xs-3&#8243;][vc_single_image image=\u00bb16132&#8243; img_size=\u00bbfull\u00bb alignment=\u00bbcenter\u00bb css=\u00bb\u00bb qode_css_animation=\u00bb\u00bb][\/vc_column_inner][vc_column_inner width=\u00bb1\/4&#8243; offset=\u00bbvc_col-xs-3&#8243;][\/vc_column_inner][\/vc_row_inner][vc_empty_space height=\u00bb50&#8243;][\/vc_column][\/vc_row][vc_row css_animation=\u00bb\u00bb row_type=\u00bbrow\u00bb use_row_as_full_screen_section=\u00bbno\u00bb type=\u00bbgrid\u00bb angled_section=\u00bbno\u00bb text_align=\u00bbleft\u00bb background_image_as_pattern=\u00bbwithout_pattern\u00bb z_index=\u00bb\u00bb padding_top=\u00bb75&#8243; padding_bottom=\u00bb0&#8243;][vc_column width=\u00bb1\/3&#8243;][vc_column_text css=\u00bb\u00bb]<\/p>\n<h3>QUEFIR<br \/>\n<strong>VAINILLA<\/strong><\/h3>\n<p>[\/vc_column_text][vc_empty_space height=\u00bb25&#8243;][\/vc_column][vc_column width=\u00bb1\/3&#8243;][vc_gallery type=\u00bbflexslider_slide\u00bb interval=\u00bb0&#8243; images=\u00bb16795,16797&#8243; img_size=\u00bbfull\u00bb onclick=\u00bb\u00bb css=\u00bb.vc_custom_1728394161552{margin-bottom: 0px !important;}\u00bb direction_nav=\u00bbyes\u00bb control_nav=\u00bbno\u00bb][\/vc_column][vc_column width=\u00bb1\/3&#8243;][vc_column_text css=\u00bb\u00bb]<em><strong>INGREDIENTES<\/strong><\/em>[\/vc_column_text][vc_separator type=\u00bbsmall\u00bb position=\u00bbleft\u00bb color=\u00bb#756e65&#8243; thickness=\u00bb1&#8243; width=\u00bb25&#8243; up=\u00bb5&#8243; down=\u00bb15&#8243;][vc_column_text css=\u00bb\u00bb]<strong>Leche <\/strong>entera pasteurizada, aroma,\u00a0 edulcorantes (E-950 y E-951) y fermentos l\u00e1cteos. Origen leche: Espa\u00f1a. Contiene aspartamo (una fuente de fenilalanina). Una vez abierto, consumir las primeras 72 horas. <strong>Sacear antes de beber.<\/strong>[\/vc_column_text][vc_empty_space height=\u00bb35&#8243;][vc_row_inner row_type=\u00bbrow\u00bb type=\u00bbfull_width\u00bb text_align=\u00bbleft\u00bb css_animation=\u00bb\u00bb][vc_column_inner width=\u00bb1\/4&#8243; offset=\u00bbvc_col-xs-3&#8243;][vc_single_image image=\u00bb16634&#8243; img_size=\u00bbfull\u00bb alignment=\u00bbcenter\u00bb css=\u00bb\u00bb qode_css_animation=\u00bb\u00bb][\/vc_column_inner][vc_column_inner width=\u00bb1\/4&#8243; offset=\u00bbvc_col-xs-3&#8243;][vc_single_image image=\u00bb16134&#8243; img_size=\u00bbfull\u00bb alignment=\u00bbcenter\u00bb css=\u00bb\u00bb qode_css_animation=\u00bb\u00bb][\/vc_column_inner][vc_column_inner width=\u00bb1\/4&#8243; offset=\u00bbvc_col-xs-3&#8243;][vc_single_image image=\u00bb16132&#8243; img_size=\u00bbfull\u00bb alignment=\u00bbcenter\u00bb css=\u00bb\u00bb qode_css_animation=\u00bb\u00bb][\/vc_column_inner][vc_column_inner width=\u00bb1\/4&#8243; offset=\u00bbvc_col-xs-3&#8243;][\/vc_column_inner][\/vc_row_inner][vc_empty_space height=\u00bb50&#8243;][\/vc_column][\/vc_row]<\/p>\n<\/div>","protected":false},"excerpt":{"rendered":"<p>[vc_row css_animation=\u00bb\u00bb row_type=\u00bbrow\u00bb use_row_as_full_screen_section=\u00bbno\u00bb type=\u00bbgrid\u00bb angled_section=\u00bbno\u00bb text_align=\u00bbleft\u00bb background_image_as_pattern=\u00bbwithout_pattern\u00bb z_index=\u00bb\u00bb padding_top=\u00bb30&#8243;][vc_column][vc_column_text css=\u00bb\u00bb] Inicio \/ Bebidas l\u00e1cteas [\/vc_column_text][\/vc_column][\/vc_row][vc_row css_animation=\u00bb\u00bb row_type=\u00bbrow\u00bb use_row_as_full_screen_section=\u00bbno\u00bb type=\u00bbgrid\u00bb angled_section=\u00bbno\u00bb text_align=\u00bbleft\u00bb background_image_as_pattern=\u00bbwithout_pattern\u00bb z_index=\u00bb\u00bb padding_top=\u00bb50&#8243; padding_bottom=\u00bb75&#8243; anchor=\u00bbinici\u00bb][vc_column][vc_column_text css=\u00bb\u00bb] bebidas l\u00e1cteas [\/vc_column_text][vc_empty_space height=\u00bb15&#8243;][vc_column_text css=\u00bb\u00bb] la tradici\u00f3n y la diferencia [\/vc_column_text][vc_empty_space height=\u00bb15&#8243;][\/vc_column][\/vc_row][vc_row css_animation=\u00bb\u00bb row_type=\u00bbrow\u00bb use_row_as_full_screen_section=\u00bbno\u00bb type=\u00bbgrid\u00bb angled_section=\u00bbno\u00bb&hellip; <a class=\"continue\" href=\"https:\/\/www.veinat.com\/es\/bebidas-lacteas\/\">CONTINUAR >><span> BEBIDAS L\u00c1CTEAS<\/span><\/a><\/p>\n","protected":false},"author":1,"featured_media":0,"parent":0,"menu_order":0,"comment_status":"open","ping_status":"open","template":"full_width.php","meta":{"footnotes":""},"class_list":["post-16710","page","type-page","status-publish","hentry"],"_links":{"self":[{"href":"https:\/\/www.veinat.com\/es\/wp-json\/wp\/v2\/pages\/16710","targetHints":{"allow":["GET"]}}],"collection":[{"href":"https:\/\/www.veinat.com\/es\/wp-json\/wp\/v2\/pages"}],"about":[{"href":"https:\/\/www.veinat.com\/es\/wp-json\/wp\/v2\/types\/page"}],"author":[{"embeddable":true,"href":"https:\/\/www.veinat.com\/es\/wp-json\/wp\/v2\/users\/1"}],"replies":[{"embeddable":true,"href":"https:\/\/www.veinat.com\/es\/wp-json\/wp\/v2\/comments?post=16710"}],"version-history":[{"count":3,"href":"https:\/\/www.veinat.com\/es\/wp-json\/wp\/v2\/pages\/16710\/revisions"}],"predecessor-version":[{"id":16802,"href":"https:\/\/www.veinat.com\/es\/wp-json\/wp\/v2\/pages\/16710\/revisions\/16802"}],"wp:attachment":[{"href":"https:\/\/www.veinat.com\/es\/wp-json\/wp\/v2\/media?parent=16710"}],"curies":[{"name":"wp","href":"https:\/\/api.w.org\/{rel}","templated":true}]}}