{"id":16703,"date":"2024-06-03T17:14:40","date_gmt":"2024-06-03T15:14:40","guid":{"rendered":"https:\/\/www.veinat.com\/?page_id=16703"},"modified":"2024-07-11T19:04:06","modified_gmt":"2024-07-11T17:04:06","slug":"postres","status":"publish","type":"page","link":"https:\/\/www.veinat.com\/es\/postres\/","title":{"rendered":"POSTRES"},"content":{"rendered":"<div class=\"wpb-content-wrapper\"><p>[vc_row css_animation=\u00bb\u00bb row_type=\u00bbrow\u00bb use_row_as_full_screen_section=\u00bbno\u00bb type=\u00bbgrid\u00bb angled_section=\u00bbno\u00bb text_align=\u00bbleft\u00bb background_image_as_pattern=\u00bbwithout_pattern\u00bb z_index=\u00bb\u00bb padding_top=\u00bb30&#8243;][vc_column][vc_column_text css=\u00bb\u00bb]<\/p>\n<p style=\"text-align: right;\"><a href=\"\/es\/\">Inicio<\/a> \/ Postres<\/p>\n<p>[\/vc_column_text][\/vc_column][\/vc_row][vc_row css_animation=\u00bb\u00bb row_type=\u00bbrow\u00bb use_row_as_full_screen_section=\u00bbno\u00bb type=\u00bbgrid\u00bb angled_section=\u00bbno\u00bb text_align=\u00bbleft\u00bb background_image_as_pattern=\u00bbwithout_pattern\u00bb z_index=\u00bb\u00bb padding_top=\u00bb50&#8243; padding_bottom=\u00bb75&#8243; anchor=\u00bbinici\u00bb][vc_column][vc_column_text css=\u00bb\u00bb]<\/p>\n<h1 style=\"text-align: center;\">nuestros postres<\/h1>\n<p>[\/vc_column_text][vc_empty_space height=\u00bb15&#8243;][vc_column_text css=\u00bb\u00bb]<\/p>\n<h2 style=\"text-align: center;\">tradici\u00f3n e innovaci\u00f3n<\/h2>\n<p>[\/vc_column_text][vc_empty_space height=\u00bb15&#8243;]<div class=\"custom_font_holder \" style=\" font-style: normal; font-weight: 300; color: #756e65; text-decoration: none; text-align: center; --qode-cf-font-size: 18px; --qode-cf-line-height: 24px; --qode-cf-font-size-1440: 18px; --qode-cf-line-height-1440: 24px; --qode-cf-font-size-1366: 18px; --qode-cf-line-height-1366: 24px; --qode-cf-font-size-1280: 18px; --qode-cf-line-height-1280: 24px; --qode-cf-font-size-1024: 18px; --qode-cf-line-height-1024: 24px; --qode-cf-font-size-768: 18px; --qode-cf-line-height-768: 24px; --qode-cf-font-size-680: 18px; --qode-cf-line-height-680: 24px; --qode-cf-font-size-480: 18px; --qode-cf-line-height-480: 24px;\">Combinan la tradici\u00f3n con innovadores sabores. Del flan de toda la vida a la crema catalana, pasando por flanes con gustos intensos y de proximidad, cada mordisco es un viaje a nuestra herencia culinaria. No olvidemos el reques\u00f3n, ideal con miel, ni la nata para acompa\u00f1ar las fresas del Maresme. Y, para cerrar una larga comida familiar o con amigas, una buena tarta de queso siempre es una excelente opci\u00f3n.<\/div>[\/vc_column][\/vc_row][vc_row css_animation=\u00bb\u00bb row_type=\u00bbrow\u00bb use_row_as_full_screen_section=\u00bbno\u00bb type=\u00bbgrid\u00bb angled_section=\u00bbno\u00bb text_align=\u00bbleft\u00bb background_image_as_pattern=\u00bbwithout_pattern\u00bb z_index=\u00bb\u00bb padding_top=\u00bb50&#8243; css=\u00bb.vc_custom_1717425580863{background-color: #f7f7f7 !important;}\u00bb anchor=\u00bbnatural\u00bb][vc_column width=\u00bb1\/3&#8243;][vc_column_text css=\u00bb\u00bb]<\/p>\n<h3>FLAN<br \/>\n<strong>DE REQUES\u00d3N<\/strong><\/h3>\n<p>[\/vc_column_text][vc_empty_space height=\u00bb25&#8243;][\/vc_column][vc_column width=\u00bb1\/3&#8243;][vc_gallery type=\u00bbflexslider_slide\u00bb interval=\u00bb0&#8243; images=\u00bb16322,16324&#8243; img_size=\u00bbfull\u00bb onclick=\u00bb\u00bb css=\u00bb.vc_custom_1717427904383{margin-bottom: 0px !important;}\u00bb direction_nav=\u00bbyes\u00bb control_nav=\u00bbno\u00bb][\/vc_column][vc_column width=\u00bb1\/3&#8243;][vc_column_text css=\u00bb\u00bb]<em><strong>INGREDIENTES<\/strong><\/em>[\/vc_column_text][vc_separator type=\u00bbsmall\u00bb position=\u00bbleft\u00bb color=\u00bb#756e65&#8243; thickness=\u00bb1&#8243; width=\u00bb25&#8243; up=\u00bb5&#8243; down=\u00bb15&#8243;][vc_column_text css=\u00bb\u00bb]Mat\u00f3 (29%) [<strong>leche<\/strong> pasteurizada, cuajo y secuestrante (cloruro c\u00e1lcico)], crema de <strong>leche<\/strong> (nata y estabilizante carragenado), leche pasteurizada, az\u00facar, gelificante (fructosa , almid\u00f3n de ma\u00edz y aroma) y az\u00facar quemado (jarabe de glucosa, az\u00facar caramelizado, az\u00facar agua y aroma)[\/vc_column_text][vc_empty_space height=\u00bb35&#8243;][vc_row_inner row_type=\u00bbrow\u00bb type=\u00bbfull_width\u00bb text_align=\u00bbleft\u00bb css_animation=\u00bb\u00bb][vc_column_inner width=\u00bb1\/4&#8243; offset=\u00bbvc_col-xs-3&#8243;][vc_single_image image=\u00bb16146&#8243; img_size=\u00bbfull\u00bb alignment=\u00bbcenter\u00bb css=\u00bb\u00bb qode_css_animation=\u00bb\u00bb][\/vc_column_inner][vc_column_inner width=\u00bb1\/4&#8243; offset=\u00bbvc_col-xs-3&#8243;][vc_single_image image=\u00bb16134&#8243; img_size=\u00bbfull\u00bb alignment=\u00bbcenter\u00bb css=\u00bb\u00bb qode_css_animation=\u00bb\u00bb][\/vc_column_inner][vc_column_inner width=\u00bb1\/4&#8243; offset=\u00bbvc_col-xs-3&#8243;][vc_single_image image=\u00bb16132&#8243; img_size=\u00bbfull\u00bb alignment=\u00bbcenter\u00bb css=\u00bb\u00bb qode_css_animation=\u00bb\u00bb][\/vc_column_inner][vc_column_inner width=\u00bb1\/4&#8243; offset=\u00bbvc_col-xs-3&#8243;][\/vc_column_inner][\/vc_row_inner][vc_empty_space height=\u00bb50&#8243;][\/vc_column][\/vc_row][vc_row css_animation=\u00bb\u00bb row_type=\u00bbrow\u00bb use_row_as_full_screen_section=\u00bbno\u00bb type=\u00bbgrid\u00bb angled_section=\u00bbno\u00bb text_align=\u00bbleft\u00bb background_image_as_pattern=\u00bbwithout_pattern\u00bb z_index=\u00bb\u00bb padding_top=\u00bb75&#8243; padding_bottom=\u00bb0&#8243;][vc_column width=\u00bb1\/3&#8243;][vc_column_text css=\u00bb\u00bb]<\/p>\n<h3>FLAN<br \/>\n<strong>DE CAF\u00c9<\/strong><\/h3>\n<p>[\/vc_column_text][vc_empty_space height=\u00bb25&#8243;][\/vc_column][vc_column width=\u00bb1\/3&#8243;][vc_gallery type=\u00bbflexslider_slide\u00bb interval=\u00bb0&#8243; images=\u00bb16328,16330&#8243; img_size=\u00bbfull\u00bb onclick=\u00bb\u00bb css=\u00bb.vc_custom_1717428460358{margin-bottom: 0px !important;}\u00bb direction_nav=\u00bbyes\u00bb control_nav=\u00bbno\u00bb][\/vc_column][vc_column width=\u00bb1\/3&#8243;][vc_column_text css=\u00bb\u00bb]<em><strong>INGREDIENTES<\/strong><\/em>[\/vc_column_text][vc_separator type=\u00bbsmall\u00bb position=\u00bbleft\u00bb color=\u00bb#756e65&#8243; thickness=\u00bb1&#8243; width=\u00bb25&#8243; up=\u00bb5&#8243; down=\u00bb15&#8243;][vc_column_text css=\u00bb\u00bb]Crema de <strong>leche<\/strong> (nata, almid\u00f3n modificado de ma\u00edz y estabilizante: carregenado), <strong>leche<\/strong> pasteurizada, preparado para flan (az\u00facar, almid\u00f3n ma\u00edz, estabilizantes [carragenado y algas Eucheuma transformadas], sal, colorante natural: beta caroteno y aroma), caf\u00e9 (0,6%) y az\u00facar quemado.[\/vc_column_text][vc_empty_space height=\u00bb35&#8243;][vc_row_inner row_type=\u00bbrow\u00bb type=\u00bbfull_width\u00bb text_align=\u00bbleft\u00bb css_animation=\u00bb\u00bb][vc_column_inner width=\u00bb1\/4&#8243; offset=\u00bbvc_col-xs-3&#8243;][vc_single_image image=\u00bb16146&#8243; img_size=\u00bbfull\u00bb alignment=\u00bbcenter\u00bb css=\u00bb\u00bb qode_css_animation=\u00bb\u00bb][\/vc_column_inner][vc_column_inner width=\u00bb1\/4&#8243; offset=\u00bbvc_col-xs-3&#8243;][vc_single_image image=\u00bb16134&#8243; img_size=\u00bbfull\u00bb alignment=\u00bbcenter\u00bb css=\u00bb\u00bb qode_css_animation=\u00bb\u00bb][\/vc_column_inner][vc_column_inner width=\u00bb1\/4&#8243; offset=\u00bbvc_col-xs-3&#8243;][vc_single_image image=\u00bb16132&#8243; img_size=\u00bbfull\u00bb alignment=\u00bbcenter\u00bb css=\u00bb\u00bb qode_css_animation=\u00bb\u00bb][\/vc_column_inner][vc_column_inner width=\u00bb1\/4&#8243; offset=\u00bbvc_col-xs-3&#8243;][\/vc_column_inner][\/vc_row_inner][vc_empty_space height=\u00bb50&#8243;][\/vc_column][\/vc_row][vc_row css_animation=\u00bb\u00bb row_type=\u00bbrow\u00bb use_row_as_full_screen_section=\u00bbno\u00bb type=\u00bbgrid\u00bb angled_section=\u00bbno\u00bb text_align=\u00bbleft\u00bb background_image_as_pattern=\u00bbwithout_pattern\u00bb z_index=\u00bb\u00bb padding_top=\u00bb50&#8243; css=\u00bb.vc_custom_1717425590374{background-color: #f7f7f7 !important;}\u00bb anchor=\u00bbgustos\u00bb][vc_column width=\u00bb1\/3&#8243;][vc_column_text css=\u00bb\u00bb]<\/p>\n<h3>FLAN<br \/>\n<strong>DE QUESO<\/strong><\/h3>\n<p>[\/vc_column_text][vc_empty_space height=\u00bb25&#8243;][\/vc_column][vc_column width=\u00bb1\/3&#8243;][vc_gallery type=\u00bbflexslider_slide\u00bb interval=\u00bb0&#8243; images=\u00bb16346,16348&#8243; img_size=\u00bbfull\u00bb onclick=\u00bb\u00bb css=\u00bb.vc_custom_1717517901642{margin-bottom: 0px !important;}\u00bb direction_nav=\u00bbyes\u00bb control_nav=\u00bbno\u00bb][\/vc_column][vc_column width=\u00bb1\/3&#8243;][vc_column_text css=\u00bb\u00bb]<em><strong>INGREDIENTES<\/strong><\/em>[\/vc_column_text][vc_separator type=\u00bbsmall\u00bb position=\u00bbleft\u00bb color=\u00bb#756e65&#8243; thickness=\u00bb1&#8243; width=\u00bb25&#8243; up=\u00bb5&#8243; down=\u00bb15&#8243;][vc_column_text css=\u00bb\u00bb]<strong>Leche<\/strong> pasteurizada, huevo pasteurizado, <strong>queso<\/strong> (11%) (<strong>leche<\/strong>, sal, fermentos <strong>l\u00e1cticos<\/strong>, cuajo, espesante : goma guar y conservante: sorbat pot\u00e1sico), az\u00facar y az\u00facar quemado.[\/vc_column_text][vc_empty_space height=\u00bb35&#8243;][vc_row_inner row_type=\u00bbrow\u00bb type=\u00bbfull_width\u00bb text_align=\u00bbleft\u00bb css_animation=\u00bb\u00bb][vc_column_inner width=\u00bb1\/4&#8243; offset=\u00bbvc_col-xs-3&#8243;][vc_single_image image=\u00bb16146&#8243; img_size=\u00bbfull\u00bb alignment=\u00bbcenter\u00bb css=\u00bb\u00bb qode_css_animation=\u00bb\u00bb][\/vc_column_inner][vc_column_inner width=\u00bb1\/4&#8243; offset=\u00bbvc_col-xs-3&#8243;][vc_single_image image=\u00bb16134&#8243; img_size=\u00bbfull\u00bb alignment=\u00bbcenter\u00bb css=\u00bb\u00bb qode_css_animation=\u00bb\u00bb][\/vc_column_inner][vc_column_inner width=\u00bb1\/4&#8243; offset=\u00bbvc_col-xs-3&#8243;][vc_single_image image=\u00bb16132&#8243; img_size=\u00bbfull\u00bb alignment=\u00bbcenter\u00bb css=\u00bb\u00bb qode_css_animation=\u00bb\u00bb][\/vc_column_inner][vc_column_inner width=\u00bb1\/4&#8243; offset=\u00bbvc_col-xs-3&#8243;][\/vc_column_inner][\/vc_row_inner][vc_empty_space height=\u00bb50&#8243;][\/vc_column][\/vc_row][vc_row css_animation=\u00bb\u00bb row_type=\u00bbrow\u00bb use_row_as_full_screen_section=\u00bbno\u00bb type=\u00bbgrid\u00bb angled_section=\u00bbno\u00bb text_align=\u00bbleft\u00bb background_image_as_pattern=\u00bbwithout_pattern\u00bb z_index=\u00bb\u00bb padding_top=\u00bb50&#8243; padding_bottom=\u00bb0&#8243;][vc_column width=\u00bb1\/3&#8243;][vc_column_text css=\u00bb\u00bb]<\/p>\n<h3>FLAN<br \/>\n<strong>DE HUEVO<\/strong><\/h3>\n<p>[\/vc_column_text][vc_empty_space height=\u00bb25&#8243;][\/vc_column][vc_column width=\u00bb1\/3&#8243;][vc_gallery type=\u00bbflexslider_slide\u00bb interval=\u00bb0&#8243; images=\u00bb16353,16355&#8243; img_size=\u00bbfull\u00bb onclick=\u00bb\u00bb css=\u00bb.vc_custom_1717518956325{margin-bottom: 0px !important;}\u00bb direction_nav=\u00bbyes\u00bb control_nav=\u00bbno\u00bb][\/vc_column][vc_column width=\u00bb1\/3&#8243;][vc_column_text css=\u00bb\u00bb]<em><strong>INGREDIENTES<\/strong><\/em>[\/vc_column_text][vc_separator type=\u00bbsmall\u00bb position=\u00bbleft\u00bb color=\u00bb#756e65&#8243; thickness=\u00bb1&#8243; width=\u00bb25&#8243; up=\u00bb5&#8243; down=\u00bb15&#8243;][vc_column_text css=\u00bb\u00bb]<strong>Leche<\/strong> pasteurizada (62%, origen: Espa\u00f1a), huevo pasteurizado (16%), az\u00facar, clara de huevo, <strong>leche<\/strong> desnatada en polvo, alb\u00famina de <strong> huevo<\/strong> y az\u00facar quemado (jarabe de glucosa, az\u00facar caramelizado, az\u00facar agua y aroma).[\/vc_column_text][vc_empty_space height=\u00bb35&#8243;][vc_row_inner row_type=\u00bbrow\u00bb type=\u00bbfull_width\u00bb text_align=\u00bbleft\u00bb css_animation=\u00bb\u00bb][vc_column_inner width=\u00bb1\/4&#8243; offset=\u00bbvc_col-xs-3&#8243;][vc_single_image image=\u00bb16146&#8243; img_size=\u00bbfull\u00bb alignment=\u00bbcenter\u00bb css=\u00bb\u00bb qode_css_animation=\u00bb\u00bb][\/vc_column_inner][vc_column_inner width=\u00bb1\/4&#8243; offset=\u00bbvc_col-xs-3&#8243;][vc_single_image image=\u00bb16134&#8243; img_size=\u00bbfull\u00bb alignment=\u00bbcenter\u00bb css=\u00bb\u00bb qode_css_animation=\u00bb\u00bb][\/vc_column_inner][vc_column_inner width=\u00bb1\/4&#8243; offset=\u00bbvc_col-xs-3&#8243;][vc_single_image image=\u00bb16132&#8243; img_size=\u00bbfull\u00bb alignment=\u00bbcenter\u00bb css=\u00bb\u00bb qode_css_animation=\u00bb\u00bb][\/vc_column_inner][vc_column_inner width=\u00bb1\/4&#8243; offset=\u00bbvc_col-xs-3&#8243;][\/vc_column_inner][\/vc_row_inner][vc_empty_space height=\u00bb50&#8243;][\/vc_column][\/vc_row][vc_row css_animation=\u00bb\u00bb row_type=\u00bbrow\u00bb use_row_as_full_screen_section=\u00bbno\u00bb type=\u00bbgrid\u00bb angled_section=\u00bbno\u00bb text_align=\u00bbleft\u00bb background_image_as_pattern=\u00bbwithout_pattern\u00bb z_index=\u00bb\u00bb padding_top=\u00bb50&#8243; css=\u00bb.vc_custom_1717425590374{background-color: #f7f7f7 !important;}\u00bb anchor=\u00bbgustos\u00bb][vc_column width=\u00bb1\/3&#8243;][vc_column_text css=\u00bb\u00bb]<\/p>\n<h3>CREMA<br \/>\n<strong>CATALANA<\/strong><\/h3>\n<p>[\/vc_column_text][vc_empty_space height=\u00bb25&#8243;][\/vc_column][vc_column width=\u00bb1\/3&#8243;][vc_gallery type=\u00bbflexslider_slide\u00bb interval=\u00bb0&#8243; images=\u00bb16411,16413&#8243; img_size=\u00bbfull\u00bb onclick=\u00bb\u00bb css=\u00bb.vc_custom_1717661620604{margin-bottom: 0px !important;}\u00bb direction_nav=\u00bbyes\u00bb control_nav=\u00bbno\u00bb][\/vc_column][vc_column width=\u00bb1\/3&#8243;][vc_column_text css=\u00bb\u00bb]<em><strong>INGREDIENTES<\/strong><\/em>[\/vc_column_text][vc_separator type=\u00bbsmall\u00bb position=\u00bbleft\u00bb color=\u00bb#756e65&#8243; thickness=\u00bb1&#8243; width=\u00bb25&#8243; up=\u00bb5&#8243; down=\u00bb15&#8243;][vc_column_text css=\u00bb\u00bb]<strong>Leche<\/strong> de vaca pasteurizada (80%, origen de la leche: Espa\u00f1a, crema de <strong>leche<\/strong> (nata y estabilizante: carregentado), az\u00facar, almid\u00f3n modificado, <strong>ou&lt; \/strong&gt;, aromas, sal, colorante: \u03b2-caroteno y estabilizante: carragenado.[\/vc_column_text][vc_empty_space height=\u00bb35&#8243;][vc_row_inner row_type=\u00bbrow\u00bb type=\u00bbfull_width\u00bb text_align=\u00bbleft\u00bb css_animation=\u00bb\u00bb][vc_column_inner width=\u00bb1\/4&#8243; offset=\u00bbvc_col-xs-3&#8243;][vc_single_image image=\u00bb16615&#8243; img_size=\u00bbfull\u00bb alignment=\u00bbcenter\u00bb css=\u00bb\u00bb qode_css_animation=\u00bb\u00bb][\/vc_column_inner][vc_column_inner width=\u00bb1\/4&#8243; offset=\u00bbvc_col-xs-3&#8243;][vc_single_image image=\u00bb16134&#8243; img_size=\u00bbfull\u00bb alignment=\u00bbcenter\u00bb css=\u00bb\u00bb qode_css_animation=\u00bb\u00bb][\/vc_column_inner][vc_column_inner width=\u00bb1\/4&#8243; offset=\u00bbvc_col-xs-3&#8243;][vc_single_image image=\u00bb16132&#8243; img_size=\u00bbfull\u00bb alignment=\u00bbcenter\u00bb css=\u00bb\u00bb qode_css_animation=\u00bb\u00bb][\/vc_column_inner][vc_column_inner width=\u00bb1\/4&#8243; offset=\u00bbvc_col-xs-3&#8243;][\/vc_column_inner][\/vc_row_inner][vc_empty_space height=\u00bb50&#8243;][\/vc_column][\/vc_row][vc_row css_animation=\u00bb\u00bb row_type=\u00bbrow\u00bb use_row_as_full_screen_section=\u00bbno\u00bb type=\u00bbgrid\u00bb angled_section=\u00bbno\u00bb text_align=\u00bbleft\u00bb background_image_as_pattern=\u00bbwithout_pattern\u00bb z_index=\u00bb\u00bb padding_top=\u00bb50&#8243; padding_bottom=\u00bb0&#8243;][vc_column width=\u00bb1\/3&#8243;][vc_column_text css=\u00bb\u00bb]<\/strong><\/p>\n<h3>PASTEL<br \/>\n<strong>DE QUESO<\/strong><\/h3>\n<p>[\/vc_column_text][vc_empty_space height=\u00bb25&#8243;][\/vc_column][vc_column width=\u00bb1\/3&#8243;][vc_gallery type=\u00bbflexslider_slide\u00bb interval=\u00bb0&#8243; images=\u00bb16417,16419,16404,16421,16423&#8243; img_size=\u00bbfull\u00bb onclick=\u00bb\u00bb css=\u00bb.vc_custom_1717666005249{margin-bottom: 0px !important;}\u00bb direction_nav=\u00bbyes\u00bb control_nav=\u00bbno\u00bb][\/vc_column][vc_column width=\u00bb1\/3&#8243;][vc_column_text css=\u00bb\u00bb]<em><strong>INGREDIENTES<\/strong><\/em>[\/vc_column_text][vc_separator type=\u00bbsmall\u00bb position=\u00bbleft\u00bb color=\u00bb#756e65&#8243; thickness=\u00bb1&#8243; width=\u00bb25&#8243; up=\u00bb5&#8243; down=\u00bb15&#8243;][vc_column_text css=\u00bb\u00bb]<strong>Queso<\/strong> fresco (30%), crema de <strong>leche<\/strong>, preparado para pastel (az\u00facar, grasa vegetal (coco), almid\u00f3n de ma\u00edz, almid\u00f3n modificado, alb\u00famina de &lt; strong&gt;huevo, emulsionante: mono y diglic\u00e9ridos de \u00e1cidos grasos, prote\u00edna vegetal, sal y aromas), <strong>huevo<\/strong> pasteurizado y az\u00facar.[\/vc_column_text][vc_empty_space height=\u00bb35&#8243;][vc_row_inner row_type=\u00bbrow\u00bb type=\u00bbfull_width\u00bb text_align=\u00bbleft\u00bb css_animation=\u00bb\u00bb][vc_column_inner width=\u00bb1\/4&#8243; offset=\u00bbvc_col-xs-3&#8243;][vc_single_image image=\u00bb16618&#8243; img_size=\u00bbfull\u00bb alignment=\u00bbcenter\u00bb css=\u00bb\u00bb qode_css_animation=\u00bb\u00bb][\/vc_column_inner][vc_column_inner width=\u00bb1\/4&#8243; offset=\u00bbvc_col-xs-3&#8243;][vc_single_image image=\u00bb16625&#8243; img_size=\u00bbfull\u00bb alignment=\u00bbcenter\u00bb css=\u00bb\u00bb qode_css_animation=\u00bb\u00bb][\/vc_column_inner][vc_column_inner width=\u00bb1\/4&#8243; offset=\u00bbvc_col-xs-3&#8243;][vc_single_image image=\u00bb16134&#8243; img_size=\u00bbfull\u00bb alignment=\u00bbcenter\u00bb css=\u00bb\u00bb qode_css_animation=\u00bb\u00bb][\/vc_column_inner][vc_column_inner width=\u00bb1\/4&#8243; offset=\u00bbvc_col-xs-3&#8243;][vc_single_image image=\u00bb16132&#8243; img_size=\u00bbfull\u00bb alignment=\u00bbcenter\u00bb css=\u00bb\u00bb qode_css_animation=\u00bb\u00bb][\/vc_column_inner][\/vc_row_inner][vc_empty_space height=\u00bb50&#8243;][\/vc_column][\/vc_row][vc_row css_animation=\u00bb\u00bb row_type=\u00bbrow\u00bb use_row_as_full_screen_section=\u00bbno\u00bb type=\u00bbgrid\u00bb angled_section=\u00bbno\u00bb text_align=\u00bbleft\u00bb background_image_as_pattern=\u00bbwithout_pattern\u00bb z_index=\u00bb\u00bb padding_top=\u00bb50&#8243; css=\u00bb.vc_custom_1717425580863{background-color: #f7f7f7 !important;}\u00bb anchor=\u00bbnatural\u00bb][vc_column width=\u00bb1\/3&#8243;][vc_column_text css=\u00bb\u00bb]<\/p>\n<h3><strong>REQUES\u00d3N<\/strong><\/h3>\n<p>[\/vc_column_text][vc_empty_space height=\u00bb25&#8243;][\/vc_column][vc_column width=\u00bb1\/3&#8243;][vc_gallery type=\u00bbflexslider_slide\u00bb interval=\u00bb0&#8243; images=\u00bb16363,16365,16458,16460,16367&#8243; img_size=\u00bbfull\u00bb onclick=\u00bb\u00bb css=\u00bb.vc_custom_1717669950036{margin-bottom: 0px !important;}\u00bb direction_nav=\u00bbyes\u00bb control_nav=\u00bbno\u00bb][\/vc_column][vc_column width=\u00bb1\/3&#8243;][vc_column_text css=\u00bb\u00bb]<em><strong>INGREDIENTES<\/strong><\/em>[\/vc_column_text][vc_separator type=\u00bbsmall\u00bb position=\u00bbleft\u00bb color=\u00bb#756e65&#8243; thickness=\u00bb1&#8243; width=\u00bb25&#8243; up=\u00bb5&#8243; down=\u00bb15&#8243;][vc_column_text css=\u00bb\u00bb]<strong>Leche<\/strong> entera pasteurizada de vaca, secuestrante (cloruro c\u00e1lcico) y az\u00facar.[\/vc_column_text][vc_empty_space height=\u00bb35&#8243;][vc_row_inner row_type=\u00bbrow\u00bb type=\u00bbfull_width\u00bb text_align=\u00bbleft\u00bb css_animation=\u00bb\u00bb][vc_column_inner width=\u00bb1\/4&#8243; offset=\u00bbvc_col-xs-3&#8243;][vc_single_image image=\u00bb16623&#8243; img_size=\u00bbfull\u00bb alignment=\u00bbcenter\u00bb css=\u00bb\u00bb qode_css_animation=\u00bb\u00bb][\/vc_column_inner][vc_column_inner width=\u00bb1\/4&#8243; offset=\u00bbvc_col-xs-3&#8243;][vc_single_image image=\u00bb16627&#8243; img_size=\u00bbfull\u00bb alignment=\u00bbcenter\u00bb css=\u00bb\u00bb qode_css_animation=\u00bb\u00bb][\/vc_column_inner][vc_column_inner width=\u00bb1\/4&#8243; offset=\u00bbvc_col-xs-3&#8243;][vc_single_image image=\u00bb16134&#8243; img_size=\u00bbfull\u00bb alignment=\u00bbcenter\u00bb css=\u00bb\u00bb qode_css_animation=\u00bb\u00bb][\/vc_column_inner][vc_column_inner width=\u00bb1\/4&#8243; offset=\u00bbvc_col-xs-3&#8243;][vc_single_image image=\u00bb16132&#8243; img_size=\u00bbfull\u00bb alignment=\u00bbcenter\u00bb css=\u00bb\u00bb qode_css_animation=\u00bb\u00bb][\/vc_column_inner][\/vc_row_inner][vc_empty_space height=\u00bb50&#8243;][\/vc_column][\/vc_row][vc_row css_animation=\u00bb\u00bb row_type=\u00bbrow\u00bb use_row_as_full_screen_section=\u00bbno\u00bb type=\u00bbgrid\u00bb angled_section=\u00bbno\u00bb text_align=\u00bbleft\u00bb background_image_as_pattern=\u00bbwithout_pattern\u00bb z_index=\u00bb\u00bb padding_top=\u00bb50&#8243; padding_bottom=\u00bb0&#8243;][vc_column width=\u00bb1\/3&#8243;][vc_column_text css=\u00bb\u00bb]<\/p>\n<h3><strong>NATA<\/strong><\/h3>\n<p>[\/vc_column_text][vc_empty_space height=\u00bb25&#8243;][\/vc_column][vc_column width=\u00bb1\/3&#8243;][vc_gallery type=\u00bbflexslider_slide\u00bb interval=\u00bb0&#8243; images=\u00bb16427,16429,16668&#8243; img_size=\u00bbfull\u00bb onclick=\u00bb\u00bb css=\u00bb.vc_custom_1718638890835{margin-bottom: 0px !important;}\u00bb direction_nav=\u00bbyes\u00bb control_nav=\u00bbno\u00bb][\/vc_column][vc_column width=\u00bb1\/3&#8243;][vc_column_text css=\u00bb\u00bb]<em><strong>INGREDIENTES<\/strong><\/em>[\/vc_column_text][vc_separator type=\u00bbsmall\u00bb position=\u00bbleft\u00bb color=\u00bb#756e65&#8243; thickness=\u00bb1&#8243; width=\u00bb25&#8243; up=\u00bb5&#8243; down=\u00bb15&#8243;][vc_column_text css=\u00bb\u00bb]<strong>Leche<\/strong> entera de vaca.[\/vc_column_text][vc_empty_space height=\u00bb35&#8243;][vc_row_inner row_type=\u00bbrow\u00bb type=\u00bbfull_width\u00bb text_align=\u00bbleft\u00bb css_animation=\u00bb\u00bb][vc_column_inner width=\u00bb1\/4&#8243; offset=\u00bbvc_col-xs-3&#8243;][vc_single_image image=\u00bb16618&#8243; img_size=\u00bbfull\u00bb alignment=\u00bbcenter\u00bb css=\u00bb\u00bb qode_css_animation=\u00bb\u00bb][\/vc_column_inner][vc_column_inner width=\u00bb1\/4&#8243; offset=\u00bbvc_col-xs-3&#8243;][vc_single_image image=\u00bb16134&#8243; img_size=\u00bbfull\u00bb alignment=\u00bbcenter\u00bb css=\u00bb\u00bb qode_css_animation=\u00bb\u00bb][\/vc_column_inner][vc_column_inner width=\u00bb1\/4&#8243; offset=\u00bbvc_col-xs-3&#8243;][vc_single_image image=\u00bb16132&#8243; img_size=\u00bbfull\u00bb alignment=\u00bbcenter\u00bb css=\u00bb\u00bb qode_css_animation=\u00bb\u00bb][\/vc_column_inner][\/vc_row_inner][vc_empty_space height=\u00bb50&#8243;][\/vc_column][\/vc_row]<\/p>\n<\/div>","protected":false},"excerpt":{"rendered":"<p>[vc_row css_animation=\u00bb\u00bb row_type=\u00bbrow\u00bb use_row_as_full_screen_section=\u00bbno\u00bb type=\u00bbgrid\u00bb angled_section=\u00bbno\u00bb text_align=\u00bbleft\u00bb background_image_as_pattern=\u00bbwithout_pattern\u00bb z_index=\u00bb\u00bb padding_top=\u00bb30&#8243;][vc_column][vc_column_text css=\u00bb\u00bb] Inicio \/ Postres [\/vc_column_text][\/vc_column][\/vc_row][vc_row css_animation=\u00bb\u00bb row_type=\u00bbrow\u00bb use_row_as_full_screen_section=\u00bbno\u00bb type=\u00bbgrid\u00bb angled_section=\u00bbno\u00bb text_align=\u00bbleft\u00bb background_image_as_pattern=\u00bbwithout_pattern\u00bb z_index=\u00bb\u00bb padding_top=\u00bb50&#8243; padding_bottom=\u00bb75&#8243; anchor=\u00bbinici\u00bb][vc_column][vc_column_text css=\u00bb\u00bb] nuestros postres [\/vc_column_text][vc_empty_space height=\u00bb15&#8243;][vc_column_text css=\u00bb\u00bb] tradici\u00f3n e innovaci\u00f3n [\/vc_column_text][vc_empty_space height=\u00bb15&#8243;][\/vc_column][\/vc_row][vc_row css_animation=\u00bb\u00bb row_type=\u00bbrow\u00bb use_row_as_full_screen_section=\u00bbno\u00bb type=\u00bbgrid\u00bb angled_section=\u00bbno\u00bb text_align=\u00bbleft\u00bb background_image_as_pattern=\u00bbwithout_pattern\u00bb z_index=\u00bb\u00bb&hellip; <a class=\"continue\" href=\"https:\/\/www.veinat.com\/es\/postres\/\">CONTINUAR >><span> POSTRES<\/span><\/a><\/p>\n","protected":false},"author":1,"featured_media":0,"parent":0,"menu_order":0,"comment_status":"open","ping_status":"open","template":"full_width.php","meta":{"footnotes":""},"class_list":["post-16703","page","type-page","status-publish","hentry"],"_links":{"self":[{"href":"https:\/\/www.veinat.com\/es\/wp-json\/wp\/v2\/pages\/16703","targetHints":{"allow":["GET"]}}],"collection":[{"href":"https:\/\/www.veinat.com\/es\/wp-json\/wp\/v2\/pages"}],"about":[{"href":"https:\/\/www.veinat.com\/es\/wp-json\/wp\/v2\/types\/page"}],"author":[{"embeddable":true,"href":"https:\/\/www.veinat.com\/es\/wp-json\/wp\/v2\/users\/1"}],"replies":[{"embeddable":true,"href":"https:\/\/www.veinat.com\/es\/wp-json\/wp\/v2\/comments?post=16703"}],"version-history":[{"count":2,"href":"https:\/\/www.veinat.com\/es\/wp-json\/wp\/v2\/pages\/16703\/revisions"}],"predecessor-version":[{"id":16706,"href":"https:\/\/www.veinat.com\/es\/wp-json\/wp\/v2\/pages\/16703\/revisions\/16706"}],"wp:attachment":[{"href":"https:\/\/www.veinat.com\/es\/wp-json\/wp\/v2\/media?parent=16703"}],"curies":[{"name":"wp","href":"https:\/\/api.w.org\/{rel}","templated":true}]}}