{"id":16688,"date":"2014-05-20T07:51:11","date_gmt":"2014-05-20T05:51:11","guid":{"rendered":"https:\/\/www.veinat.com\/?page_id=16688"},"modified":"2024-07-11T19:07:26","modified_gmt":"2024-07-11T17:07:26","slug":"inicio","status":"publish","type":"page","link":"https:\/\/www.veinat.com\/es\/","title":{"rendered":"INICIO"},"content":{"rendered":"<div class=\"wpb-content-wrapper\"><p>[vc_row css_animation=\u00bb\u00bb row_type=\u00bbrow\u00bb use_row_as_full_screen_section=\u00bbno\u00bb type=\u00bbfull_width\u00bb angled_section=\u00bbno\u00bb text_align=\u00bbleft\u00bb background_image_as_pattern=\u00bbwithout_pattern\u00bb z_index=\u00bb\u00bb anchor=\u00bbinici\u00bb][vc_column css=\u00bb.vc_custom_1717760450098{padding-right: 50px !important;padding-left: 50px !important;}\u00bb offset=\u00bbvc_hidden-xs\u00bb][vc_empty_space height=\u00bb50&#8243;][vc_gallery type=\u00bbflexslider_slide\u00bb interval=\u00bb5&#8243; images=\u00bb15506,16086&#8243; img_size=\u00bbfull\u00bb onclick=\u00bb\u00bb css=\u00bb\u00bb direction_nav=\u00bbno\u00bb control_nav=\u00bbno\u00bb pause_on_hover=\u00bbno\u00bb][\/vc_column][\/vc_row][vc_row css_animation=\u00bb\u00bb row_type=\u00bbrow\u00bb use_row_as_full_screen_section=\u00bbno\u00bb type=\u00bbfull_width\u00bb angled_section=\u00bbno\u00bb text_align=\u00bbleft\u00bb background_image_as_pattern=\u00bbwithout_pattern\u00bb][vc_column css=\u00bb.vc_custom_1717760458512{padding-right: 50px !important;padding-left: 50px !important;}\u00bb offset=\u00bbvc_hidden-lg vc_hidden-md vc_hidden-sm\u00bb][vc_empty_space height=\u00bb50&#8243;][vc_gallery type=\u00bbflexslider_slide\u00bb interval=\u00bb5&#8243; images=\u00bb16548,16550&#8243; img_size=\u00bbfull\u00bb onclick=\u00bb\u00bb css=\u00bb\u00bb direction_nav=\u00bbno\u00bb control_nav=\u00bbno\u00bb pause_on_hover=\u00bbno\u00bb][\/vc_column][\/vc_row][vc_row css_animation=\u00bb\u00bb row_type=\u00bbrow\u00bb use_row_as_full_screen_section=\u00bbno\u00bb type=\u00bbfull_width\u00bb angled_section=\u00bbno\u00bb text_align=\u00bbleft\u00bb background_image_as_pattern=\u00bbwithout_pattern\u00bb z_index=\u00bb\u00bb anchor=\u00bbinici\u00bb][vc_column css=\u00bb.vc_custom_1717736634621{padding-right: 50px !important;padding-left: 50px !important;}\u00bb][vc_column_text css=\u00bb\u00bb]<\/p>\n<h1 style=\"text-align: center;\">la combinaci\u00f3n perfecta<\/h1>\n<p>[\/vc_column_text][vc_empty_space height=\u00bb25&#8243;][vc_column_text css=\u00bb\u00bb]<\/p>\n<h2 style=\"text-align: center;\">leche, yogures, flanes, quesos y reques\u00f3n todo artesano y de proximidad<\/h2>\n<p>[\/vc_column_text][vc_empty_space height=\u00bb25&#8243;]<div class=\"custom_font_holder \" style=\" font-style: normal; font-weight: 300; color: #756e65; text-decoration: none; text-align: center; --qode-cf-font-size: 18px; --qode-cf-line-height: 24px; --qode-cf-font-size-1440: 18px; --qode-cf-line-height-1440: 24px; --qode-cf-font-size-1366: 18px; --qode-cf-line-height-1366: 24px; --qode-cf-font-size-1280: 18px; --qode-cf-line-height-1280: 24px; --qode-cf-font-size-1024: 18px; --qode-cf-line-height-1024: 24px; --qode-cf-font-size-768: 18px; --qode-cf-line-height-768: 24px; --qode-cf-font-size-680: 18px; --qode-cf-line-height-680: 24px; --qode-cf-font-size-480: 18px; --qode-cf-line-height-480: 24px;\">Disfruta de nuestro yogur griego o de nuestro queso fresco en una explosi\u00f3n de gustos: con avena, frambuesa, ara\u00f1ones, granola crujiente, o con lechuga, tomates y fruta fresca.<\/div>[vc_empty_space height=\u00bb50&#8243;][\/vc_column][\/vc_row][vc_row css_animation=\u00bb\u00bb row_type=\u00bbrow\u00bb use_row_as_full_screen_section=\u00bbno\u00bb type=\u00bbgrid\u00bb angled_section=\u00bbno\u00bb text_align=\u00bbleft\u00bb background_image_as_pattern=\u00bbwithout_pattern\u00bb padding_top=\u00bb72&#8243; padding_bottom=\u00bb0&#8243; background_color=\u00bb#ffffff\u00bb][vc_column width=\u00bb1\/4&#8243; offset=\u00bbvc_col-xs-6&#8243;][vc_single_image image=\u00bb16530&#8243; img_size=\u00bb225&#215;225&#8243; alignment=\u00bbcenter\u00bb onclick=\u00bbcustom_link\u00bb css=\u00bb\u00bb qode_css_animation=\u00bb\u00bb link=\u00bb\/es\/yogures\/\u00bb][vc_separator type=\u00bbtransparent\u00bb up=\u00bb30&#8243; down=\u00bb0&#8243;][vc_column_text css=\u00bb\u00bb]<\/p>\n<h3 style=\"text-align: center;\"><a href=\"\/es\/yogures\/\">YOGURES<\/a><\/h3>\n<p>[\/vc_column_text][vc_separator type=\u00bbtransparent\u00bb up=\u00bb7&#8243; down=\u00bb0&#8243;][vc_column_text css=\u00bb\u00bb]<\/p>\n<p style=\"text-align: center;\">Naturales, gustos, griegos, de vaca, de oveja y de cabra.<\/p>\n<p>[\/vc_column_text][vc_separator type=\u00bbtransparent\u00bb up=\u00bb89&#8243; down=\u00bb0&#8243;][\/vc_column][vc_column width=\u00bb1\/4&#8243; offset=\u00bbvc_col-xs-6&#8243;][vc_single_image image=\u00bb16539&#8243; img_size=\u00bb225&#215;225&#8243; alignment=\u00bbcenter\u00bb onclick=\u00bbcustom_link\u00bb css=\u00bb\u00bb qode_css_animation=\u00bb\u00bb link=\u00bb\/es\/quesos\/\u00bb][vc_separator type=\u00bbtransparent\u00bb up=\u00bb30&#8243; down=\u00bb0&#8243;][vc_column_text css=\u00bb\u00bb]<\/p>\n<h3 style=\"text-align: center;\"><a href=\"\/es\/quesos\/\">QUESOS<\/a><\/h3>\n<p>[\/vc_column_text][vc_separator type=\u00bbtransparent\u00bb up=\u00bb7&#8243; down=\u00bb0&#8243;][vc_column_text css=\u00bb\u00bb]<\/p>\n<p style=\"text-align: center;\">Queso fresco natural<br \/>\ny de proximidad.<\/p>\n<p>[\/vc_column_text][vc_separator type=\u00bbtransparent\u00bb up=\u00bb89&#8243; down=\u00bb0&#8243;][\/vc_column][vc_column width=\u00bb1\/4&#8243; offset=\u00bbvc_col-xs-6&#8243;][vc_single_image image=\u00bb16532&#8243; img_size=\u00bb225&#215;225&#8243; alignment=\u00bbcenter\u00bb onclick=\u00bbcustom_link\u00bb css=\u00bb\u00bb qode_css_animation=\u00bb\u00bb link=\u00bb\/es\/postres\/\u00bb][vc_separator type=\u00bbtransparent\u00bb up=\u00bb30&#8243; down=\u00bb0&#8243;][vc_column_text css=\u00bb\u00bb]<\/p>\n<h3 style=\"text-align: center;\"><a href=\"\/es\/postres\/\">POSTRES<\/a><\/h3>\n<p>[\/vc_column_text][vc_separator type=\u00bbtransparent\u00bb up=\u00bb7&#8243; down=\u00bb0&#8243;][vc_column_text css=\u00bb\u00bb]<\/p>\n<p style=\"text-align: center;\">Flanes, pastel de queso,<br \/>\ncrema catalana.<\/p>\n<p>[\/vc_column_text][vc_separator type=\u00bbtransparent\u00bb up=\u00bb89&#8243; down=\u00bb0&#8243;][\/vc_column][vc_column width=\u00bb1\/4&#8243; offset=\u00bbvc_col-xs-6&#8243;][vc_single_image image=\u00bb16536&#8243; img_size=\u00bb225&#215;225&#8243; alignment=\u00bbcenter\u00bb onclick=\u00bbcustom_link\u00bb css=\u00bb\u00bb qode_css_animation=\u00bb\u00bb link=\u00bb\/es\/bebidas-lacteas\/\u00bb][vc_separator type=\u00bbtransparent\u00bb up=\u00bb30&#8243; down=\u00bb0&#8243;][vc_column_text css=\u00bb\u00bb]<\/p>\n<h3 style=\"text-align: center;\"><a href=\"\/es\/bebidas-lacteas\/\">BEBIDAS L\u00c1CTEAS<\/a><\/h3>\n<p>[\/vc_column_text][vc_separator type=\u00bbtransparent\u00bb up=\u00bb7&#8243; down=\u00bb0&#8243;][vc_column_text css=\u00bb\u00bb]<\/p>\n<p style=\"text-align: center;\">La tradici\u00f3n la leche,<br \/>\nla diferencia el kefir.<\/p>\n<p>[\/vc_column_text][vc_separator type=\u00bbtransparent\u00bb up=\u00bb89&#8243; down=\u00bb0&#8243;][\/vc_column][\/vc_row][vc_row css_animation=\u00bb\u00bb row_type=\u00bbrow\u00bb use_row_as_full_screen_section=\u00bbno\u00bb type=\u00bbgrid\u00bb angled_section=\u00bbno\u00bb text_align=\u00bbcenter\u00bb background_image_as_pattern=\u00bbwithout_pattern\u00bb padding_top=\u00bb85&#8243; padding_bottom=\u00bb94&#8243; z_index=\u00bb\u00bb css=\u00bb.vc_custom_1717660299406{background-color: #f8f8f8 !important;}\u00bb][vc_column][vc_column_text css=\u00bb\u00bb]<\/p>\n<h2 style=\"text-align: center;\">\u00bfqui\u00e9nes somos?<\/h2>\n<p>[\/vc_column_text][vc_empty_space height=\u00bb75&#8243;][vc_column_text css=\u00bb\u00bb]<\/p>\n<p style=\"text-align: center;\">Vecindario somos una peque\u00f1a empresa de Osona, que queremos conectar consumidores con productores locales ofreciendo productos frescos y artesanales a base de leche de vaca, oveja y cabra.<\/p>\n<p style=\"text-align: center;\">Nuestra pasi\u00f3n por la alimentaci\u00f3n saludable, la calidad artesanal y la sostenibilidad ambiental gu\u00eda cada paso de nuestro camino. Trabajamos con productores comprometidos con el territorio, elaborando productos que garantizan salud y calidad.<\/p>\n<p style=\"text-align: center;\">Cada compra apoya a las comunidades locales y ayuda a preservar el medio ambiente.<\/p>\n<p style=\"text-align: center;\">\u00a1Descubre nuestra gama de productos artesanales y disfruta de una alimentaci\u00f3n de proximidad!<\/p>\n<p>[\/vc_column_text][vc_empty_space height=\u00bb50&#8243;]<a  itemprop=\"url\" href=\"\/es\/yogures\/\" target=\"_self\"  class=\"qbutton  small default\" style=\"\">CONOCE NUESTROS PRODUCTOS<\/a>[\/vc_column][\/vc_row][vc_row css_animation=\u00bb\u00bb row_type=\u00bbrow\u00bb use_row_as_full_screen_section=\u00bbno\u00bb type=\u00bbgrid\u00bb angled_section=\u00bbno\u00bb text_align=\u00bbcenter\u00bb background_image_as_pattern=\u00bbwithout_pattern\u00bb padding_top=\u00bb85&#8243; padding_bottom=\u00bb94&#8243; z_index=\u00bb\u00bb][vc_column][vc_column_text css=\u00bb\u00bb]<\/p>\n<h2 style=\"text-align: center;\">productos de gran formato<\/h2>\n<p>[\/vc_column_text][vc_empty_space height=\u00bb25&#8243;]<div class=\"custom_font_holder \" style=\" font-style: normal; font-weight: 300; color: #756e65; text-decoration: none; text-align: center; --qode-cf-font-size: 18px; --qode-cf-line-height: 24px; --qode-cf-font-size-1440: 18px; --qode-cf-line-height-1440: 24px; --qode-cf-font-size-1366: 18px; --qode-cf-line-height-1366: 24px; --qode-cf-font-size-1280: 18px; --qode-cf-line-height-1280: 24px; --qode-cf-font-size-1024: 18px; --qode-cf-line-height-1024: 24px; --qode-cf-font-size-768: 18px; --qode-cf-line-height-768: 24px; --qode-cf-font-size-680: 18px; --qode-cf-line-height-680: 24px; --qode-cf-font-size-480: 18px; --qode-cf-line-height-480: 24px;\">Para cafeter\u00edas, bares, restaurantes y colectividades<\/div>[vc_empty_space height=\u00bb75&#8243;][vc_single_image image=\u00bb16542&#8243; img_size=\u00bbfull\u00bb alignment=\u00bbcenter\u00bb css=\u00bb\u00bb qode_css_animation=\u00bb\u00bb][vc_empty_space height=\u00bb50&#8243;][vc_column_text css=\u00bb\u00bb]<\/p>\n<p style=\"text-align: center;\">Ofrecemos productos de hosteler\u00eda para potenciar su creatividad. Nuestro yogur griego de 2 kg y el natural de 5 kg son bases perfectas para sus preparaciones. Tambi\u00e9n tenemos un reques\u00f3n fant\u00e1stico para crear postres deliciosos.<\/p>\n<p style=\"text-align: center;\">Para m\u00e1s opciones, ofrecemos tarta de queso de 1 kg, ideal para presentar entero o en porciones individuales, y queso en barra de 2 kg para acompa\u00f1ar ensaladas. Completa sus men\u00fas con la m\u00e1xima calidad.<\/p>\n<p>[\/vc_column_text][vc_empty_space height=\u00bb50&#8243;]<a  itemprop=\"url\" href=\"\/es\/productos-de-gran-formato\/\" target=\"_self\"  class=\"qbutton  small default\" style=\"\">DESCUBRELOS<\/a>[\/vc_column][\/vc_row][vc_row css_animation=\u00bb\u00bb row_type=\u00bbrow\u00bb use_row_as_full_screen_section=\u00bbno\u00bb type=\u00bbgrid\u00bb angled_section=\u00bbno\u00bb text_align=\u00bbleft\u00bb background_image_as_pattern=\u00bbwithout_pattern\u00bb padding_top=\u00bb70&#8243; padding_bottom=\u00bb90&#8243; z_index=\u00bb\u00bb css=\u00bb.vc_custom_1717660309138{background-color: #f8f8f8 !important;}\u00bb][vc_column][vc_column_text css=\u00bb\u00bb]<\/p>\n<h2 style=\"text-align: center;\">\u00bfqu\u00e9 dicen de nosotros?<\/h2>\n<p>[\/vc_column_text][vc_separator type=\u00bbtransparent\u00bb up=\u00bb18&#8243; down=\u00bb0&#8243;]<div class='testimonials_holder clearfix dark'><div class=\"testimonials testimonials_carousel\" data-show-navigation=\"yes\" data-animation-type=\"fade\" data-animation-speed=\"\" data-auto-rotate-slides=\"3\" data-number-per-slide=\"1\"><ul class=\"slides\"><li id=\"testimonials16693\" class=\"testimonial_content\"><div class=\"testimonial_content_inner\"><div class=\"testimonial_text_holder\"><div class=\"testimonial_text_inner\" style=\"color: #444444;\"><p style='font-size:18px;color:#444444;'>En casa, ya hace mucho que comemos productos de Ve\u00efnat, y si tuviera que escoger uno como\r\npreferido, ser\u00eda el yogur de cabra, seguido de cerca del de oveja. Pero el reques\u00f3n con\r\nensaladas es sencillamente brutal!<\/p><p class=\"testimonial_author\" style=\"color: #444444;font-weight: 400;color: #b75035;font-size: 18px;\">Roger<\/p><\/div><\/div><\/div><\/li><\/ul><\/div><\/div>[\/vc_column][\/vc_row]<\/p>\n<\/div>","protected":false},"excerpt":{"rendered":"<p>[vc_row css_animation=\u00bb\u00bb row_type=\u00bbrow\u00bb use_row_as_full_screen_section=\u00bbno\u00bb type=\u00bbfull_width\u00bb angled_section=\u00bbno\u00bb text_align=\u00bbleft\u00bb background_image_as_pattern=\u00bbwithout_pattern\u00bb z_index=\u00bb\u00bb anchor=\u00bbinici\u00bb][vc_column css=\u00bb.vc_custom_1717760450098{padding-right: 50px !important;padding-left: 50px !important;}\u00bb offset=\u00bbvc_hidden-xs\u00bb][vc_empty_space height=\u00bb50&#8243;][vc_gallery type=\u00bbflexslider_slide\u00bb interval=\u00bb5&#8243; images=\u00bb15506,16086&#8243; img_size=\u00bbfull\u00bb onclick=\u00bb\u00bb css=\u00bb\u00bb direction_nav=\u00bbno\u00bb control_nav=\u00bbno\u00bb pause_on_hover=\u00bbno\u00bb][\/vc_column][\/vc_row][vc_row css_animation=\u00bb\u00bb row_type=\u00bbrow\u00bb use_row_as_full_screen_section=\u00bbno\u00bb type=\u00bbfull_width\u00bb angled_section=\u00bbno\u00bb text_align=\u00bbleft\u00bb background_image_as_pattern=\u00bbwithout_pattern\u00bb][vc_column css=\u00bb.vc_custom_1717760458512{padding-right: 50px !important;padding-left: 50px !important;}\u00bb offset=\u00bbvc_hidden-lg vc_hidden-md vc_hidden-sm\u00bb][vc_empty_space height=\u00bb50&#8243;][vc_gallery type=\u00bbflexslider_slide\u00bb interval=\u00bb5&#8243; images=\u00bb16548,16550&#8243;&hellip; <a class=\"continue\" href=\"https:\/\/www.veinat.com\/es\/testimonials\/roger\/\">CONTINUAR >><span> ROGER<\/span><\/a><\/p>\n","protected":false},"author":1,"featured_media":0,"parent":0,"menu_order":0,"comment_status":"open","ping_status":"open","template":"full_width.php","meta":{"footnotes":""},"class_list":["post-16688","page","type-page","status-publish","hentry"],"_links":{"self":[{"href":"https:\/\/www.veinat.com\/es\/wp-json\/wp\/v2\/pages\/16688","targetHints":{"allow":["GET"]}}],"collection":[{"href":"https:\/\/www.veinat.com\/es\/wp-json\/wp\/v2\/pages"}],"about":[{"href":"https:\/\/www.veinat.com\/es\/wp-json\/wp\/v2\/types\/page"}],"author":[{"embeddable":true,"href":"https:\/\/www.veinat.com\/es\/wp-json\/wp\/v2\/users\/1"}],"replies":[{"embeddable":true,"href":"https:\/\/www.veinat.com\/es\/wp-json\/wp\/v2\/comments?post=16688"}],"version-history":[{"count":7,"href":"https:\/\/www.veinat.com\/es\/wp-json\/wp\/v2\/pages\/16688\/revisions"}],"predecessor-version":[{"id":16756,"href":"https:\/\/www.veinat.com\/es\/wp-json\/wp\/v2\/pages\/16688\/revisions\/16756"}],"wp:attachment":[{"href":"https:\/\/www.veinat.com\/es\/wp-json\/wp\/v2\/media?parent=16688"}],"curies":[{"name":"wp","href":"https:\/\/api.w.org\/{rel}","templated":true}]}}